{"id":748,"date":"2018-02-07T11:49:07","date_gmt":"2018-02-07T10:49:07","guid":{"rendered":"https:\/\/www.jcmaquinay.com\/?page_id=748"},"modified":"2018-03-27T17:03:31","modified_gmt":"2018-03-27T15:03:31","slug":"conditions-generales","status":"publish","type":"page","link":"https:\/\/www.jcmaquinay.com\/fr\/conditions-generales\/","title":{"rendered":"Conditions g\u00e9n\u00e9rales"},"content":{"rendered":"<p>Toutes nos offres sont faites sauf vente entre-temps.<\/p>\n<p>Les renseignements fournis concernant l&rsquo;ann\u00e9e de construction, les heures de travail, le poids, l&rsquo;\u00e9tat, la force, la capacit\u00e9, la vitesse et les dimensions du mat\u00e9riel offert ou vendu sont donn\u00e9s \u00e0 titre purement indicatif et sans aucune garantie, ni engagement, ni responsabilit\u00e9 de notre part.<\/p>\n<p>Le mat\u00e9riel est vendu pris sur place, agr\u00e9\u00e9 par l&rsquo;acheteur ou consid\u00e9r\u00e9 comme tel.<\/p>\n<p>L&rsquo;enl\u00e8vement du mat\u00e9riel vendu, le chargement et\/ou d\u00e9chargement sur quai, sur wagon, sur camion ou sur bateau et le transport se font par l&rsquo;acheteur, \u00e0 ses frais et sous son enti\u00e8re responsabilit\u00e9.<\/p>\n<p>M\u00eame en cas de vente franco, le mat\u00e9riel est agr\u00e9\u00e9 ou consid\u00e9r\u00e9 comme tel au d\u00e9part et voyage aux risques et p\u00e9rils du destinataire.<\/p>\n<p>En cas de r\u00e9siliation de contrat aux torts de notre cocontractant, celui-ci nous sera redevable d\u2019une indemnit\u00e9 fix\u00e9e \u00e0 20% du prix du march\u00e9 sans pr\u00e9judice de notre droit \u00e0 r\u00e9clamer r\u00e9paration de l\u2019int\u00e9gralit\u00e9 du dommage.<\/p>\n<p>Toute contestation, pour \u00eatre recevable, doit \u00eatre notifi\u00e9e, sous huitaine, par recommand\u00e9, d\u00e8s r\u00e9ception de la facture.<\/p>\n<p>En cas de diff\u00e9rends, le Tribunal de LIEGE est seul comp\u00e9tent.<\/p>\n","protected":false},"excerpt":{"rendered":"<p>Toutes nos offres sont faites sauf vente entre-temps. Les renseignements fournis concernant l&rsquo;ann\u00e9e de construction, les heures de travail, le poids, l&rsquo;\u00e9tat, la force, la capacit\u00e9, la vitesse et les dimensions du mat\u00e9riel offert ou vendu sont donn\u00e9s \u00e0 titre purement indicatif et sans aucune garantie, ni engagement, ni responsabilit\u00e9 de notre part. Le mat\u00e9riel &hellip; <\/p>\n<p class=\"link-more\"><a href=\"https:\/\/www.jcmaquinay.com\/fr\/conditions-generales\/\" class=\"more-link\">Continue reading<span class=\"screen-reader-text\"> \u00ab\u00a0Conditions g\u00e9n\u00e9rales\u00a0\u00bb<\/span><\/a><\/p>\n","protected":false},"author":1,"featured_media":1606,"parent":0,"menu_order":4,"comment_status":"closed","ping_status":"closed","template":"","meta":{"footnotes":""},"class_list":["post-748","page","type-page","status-publish","has-post-thumbnail","hentry","entry"],"yoast_head":"<!-- This site is optimized with the Yoast SEO plugin v27.1.1 - https:\/\/yoast.com\/product\/yoast-seo-wordpress\/ -->\n<title>Conditions g\u00e9n\u00e9rales &#8211; JC Maquinay<\/title>\n<meta name=\"robots\" content=\"index, follow, max-snippet:-1, max-image-preview:large, max-video-preview:-1\" \/>\n<link rel=\"canonical\" href=\"https:\/\/www.jcmaquinay.com\/fr\/conditions-generales\/\" \/>\n<meta property=\"og:locale\" content=\"fr_FR\" \/>\n<meta property=\"og:type\" content=\"article\" \/>\n<meta property=\"og:title\" content=\"Conditions g\u00e9n\u00e9rales &#8211; JC Maquinay\" \/>\n<meta property=\"og:description\" content=\"Toutes nos offres sont faites sauf vente entre-temps. Les renseignements fournis concernant l&rsquo;ann\u00e9e de construction, les heures de travail, le poids, l&rsquo;\u00e9tat, la force, la capacit\u00e9, la vitesse et les dimensions du mat\u00e9riel offert ou vendu sont donn\u00e9s \u00e0 titre purement indicatif et sans aucune garantie, ni engagement, ni responsabilit\u00e9 de notre part. Le mat\u00e9riel &hellip; Continue reading &quot;Conditions g\u00e9n\u00e9rales&quot;\" \/>\n<meta property=\"og:url\" content=\"https:\/\/www.jcmaquinay.com\/fr\/conditions-generales\/\" \/>\n<meta property=\"og:site_name\" content=\"JC Maquinay\" \/>\n<meta property=\"article:modified_time\" content=\"2018-03-27T15:03:31+00:00\" \/>\n<meta property=\"og:image\" content=\"https:\/\/www.jcmaquinay.com\/wp-content\/uploads\/2018\/03\/header.jpg\" \/>\n\t<meta property=\"og:image:width\" content=\"1800\" \/>\n\t<meta property=\"og:image:height\" content=\"422\" \/>\n\t<meta property=\"og:image:type\" content=\"image\/jpeg\" \/>\n<meta name=\"twitter:card\" content=\"summary_large_image\" \/>\n<meta name=\"twitter:label1\" content=\"Dur\u00e9e de lecture estim\u00e9e\" \/>\n\t<meta name=\"twitter:data1\" content=\"1 minute\" \/>\n<script type=\"application\/ld+json\" class=\"yoast-schema-graph\">{\"@context\":\"https:\/\/schema.org\",\"@graph\":[{\"@type\":\"WebPage\",\"@id\":\"https:\/\/www.jcmaquinay.com\/fr\/conditions-generales\/\",\"url\":\"https:\/\/www.jcmaquinay.com\/fr\/conditions-generales\/\",\"name\":\"Conditions g\u00e9n\u00e9rales &#8211; JC Maquinay\",\"isPartOf\":{\"@id\":\"https:\/\/www.jcmaquinay.com\/fr\/#website\"},\"primaryImageOfPage\":{\"@id\":\"https:\/\/www.jcmaquinay.com\/fr\/conditions-generales\/#primaryimage\"},\"image\":{\"@id\":\"https:\/\/www.jcmaquinay.com\/fr\/conditions-generales\/#primaryimage\"},\"thumbnailUrl\":\"https:\/\/www.jcmaquinay.com\/wp-content\/uploads\/2018\/03\/header.jpg\",\"datePublished\":\"2018-02-07T10:49:07+00:00\",\"dateModified\":\"2018-03-27T15:03:31+00:00\",\"breadcrumb\":{\"@id\":\"https:\/\/www.jcmaquinay.com\/fr\/conditions-generales\/#breadcrumb\"},\"inLanguage\":\"fr-FR\",\"potentialAction\":[{\"@type\":\"ReadAction\",\"target\":[\"https:\/\/www.jcmaquinay.com\/fr\/conditions-generales\/\"]}]},{\"@type\":\"ImageObject\",\"inLanguage\":\"fr-FR\",\"@id\":\"https:\/\/www.jcmaquinay.com\/fr\/conditions-generales\/#primaryimage\",\"url\":\"https:\/\/www.jcmaquinay.com\/wp-content\/uploads\/2018\/03\/header.jpg\",\"contentUrl\":\"https:\/\/www.jcmaquinay.com\/wp-content\/uploads\/2018\/03\/header.jpg\",\"width\":1800,\"height\":422},{\"@type\":\"BreadcrumbList\",\"@id\":\"https:\/\/www.jcmaquinay.com\/fr\/conditions-generales\/#breadcrumb\",\"itemListElement\":[{\"@type\":\"ListItem\",\"position\":1,\"name\":\"Accueil\",\"item\":\"https:\/\/www.jcmaquinay.com\/fr\/\"},{\"@type\":\"ListItem\",\"position\":2,\"name\":\"Conditions g\u00e9n\u00e9rales\"}]},{\"@type\":\"WebSite\",\"@id\":\"https:\/\/www.jcmaquinay.com\/fr\/#website\",\"url\":\"https:\/\/www.jcmaquinay.com\/fr\/\",\"name\":\"JC Maquinay\",\"description\":\"Heavy Construction Equipment since 1968\",\"publisher\":{\"@id\":\"https:\/\/www.jcmaquinay.com\/fr\/#organization\"},\"potentialAction\":[{\"@type\":\"SearchAction\",\"target\":{\"@type\":\"EntryPoint\",\"urlTemplate\":\"https:\/\/www.jcmaquinay.com\/fr\/?s={search_term_string}\"},\"query-input\":{\"@type\":\"PropertyValueSpecification\",\"valueRequired\":true,\"valueName\":\"search_term_string\"}}],\"inLanguage\":\"fr-FR\"},{\"@type\":\"Organization\",\"@id\":\"https:\/\/www.jcmaquinay.com\/fr\/#organization\",\"name\":\"JC Maquinay\",\"url\":\"https:\/\/www.jcmaquinay.com\/fr\/\",\"logo\":{\"@type\":\"ImageObject\",\"inLanguage\":\"fr-FR\",\"@id\":\"https:\/\/www.jcmaquinay.com\/fr\/#\/schema\/logo\/image\/\",\"url\":\"https:\/\/www.jcmaquinay.com\/wp-content\/uploads\/2017\/07\/cropped-essai-05b-ok-copy-2.jpg\",\"contentUrl\":\"https:\/\/www.jcmaquinay.com\/wp-content\/uploads\/2017\/07\/cropped-essai-05b-ok-copy-2.jpg\",\"width\":498,\"height\":110,\"caption\":\"JC Maquinay\"},\"image\":{\"@id\":\"https:\/\/www.jcmaquinay.com\/fr\/#\/schema\/logo\/image\/\"}}]}<\/script>\n<!-- \/ Yoast SEO plugin. -->","yoast_head_json":{"title":"Conditions g\u00e9n\u00e9rales &#8211; JC Maquinay","robots":{"index":"index","follow":"follow","max-snippet":"max-snippet:-1","max-image-preview":"max-image-preview:large","max-video-preview":"max-video-preview:-1"},"canonical":"https:\/\/www.jcmaquinay.com\/fr\/conditions-generales\/","og_locale":"fr_FR","og_type":"article","og_title":"Conditions g\u00e9n\u00e9rales &#8211; JC Maquinay","og_description":"Toutes nos offres sont faites sauf vente entre-temps. Les renseignements fournis concernant l&rsquo;ann\u00e9e de construction, les heures de travail, le poids, l&rsquo;\u00e9tat, la force, la capacit\u00e9, la vitesse et les dimensions du mat\u00e9riel offert ou vendu sont donn\u00e9s \u00e0 titre purement indicatif et sans aucune garantie, ni engagement, ni responsabilit\u00e9 de notre part. Le mat\u00e9riel &hellip; Continue reading \"Conditions g\u00e9n\u00e9rales\"","og_url":"https:\/\/www.jcmaquinay.com\/fr\/conditions-generales\/","og_site_name":"JC Maquinay","article_modified_time":"2018-03-27T15:03:31+00:00","og_image":[{"width":1800,"height":422,"url":"https:\/\/www.jcmaquinay.com\/wp-content\/uploads\/2018\/03\/header.jpg","type":"image\/jpeg"}],"twitter_card":"summary_large_image","twitter_misc":{"Dur\u00e9e de lecture estim\u00e9e":"1 minute"},"schema":{"@context":"https:\/\/schema.org","@graph":[{"@type":"WebPage","@id":"https:\/\/www.jcmaquinay.com\/fr\/conditions-generales\/","url":"https:\/\/www.jcmaquinay.com\/fr\/conditions-generales\/","name":"Conditions g\u00e9n\u00e9rales &#8211; JC Maquinay","isPartOf":{"@id":"https:\/\/www.jcmaquinay.com\/fr\/#website"},"primaryImageOfPage":{"@id":"https:\/\/www.jcmaquinay.com\/fr\/conditions-generales\/#primaryimage"},"image":{"@id":"https:\/\/www.jcmaquinay.com\/fr\/conditions-generales\/#primaryimage"},"thumbnailUrl":"https:\/\/www.jcmaquinay.com\/wp-content\/uploads\/2018\/03\/header.jpg","datePublished":"2018-02-07T10:49:07+00:00","dateModified":"2018-03-27T15:03:31+00:00","breadcrumb":{"@id":"https:\/\/www.jcmaquinay.com\/fr\/conditions-generales\/#breadcrumb"},"inLanguage":"fr-FR","potentialAction":[{"@type":"ReadAction","target":["https:\/\/www.jcmaquinay.com\/fr\/conditions-generales\/"]}]},{"@type":"ImageObject","inLanguage":"fr-FR","@id":"https:\/\/www.jcmaquinay.com\/fr\/conditions-generales\/#primaryimage","url":"https:\/\/www.jcmaquinay.com\/wp-content\/uploads\/2018\/03\/header.jpg","contentUrl":"https:\/\/www.jcmaquinay.com\/wp-content\/uploads\/2018\/03\/header.jpg","width":1800,"height":422},{"@type":"BreadcrumbList","@id":"https:\/\/www.jcmaquinay.com\/fr\/conditions-generales\/#breadcrumb","itemListElement":[{"@type":"ListItem","position":1,"name":"Accueil","item":"https:\/\/www.jcmaquinay.com\/fr\/"},{"@type":"ListItem","position":2,"name":"Conditions g\u00e9n\u00e9rales"}]},{"@type":"WebSite","@id":"https:\/\/www.jcmaquinay.com\/fr\/#website","url":"https:\/\/www.jcmaquinay.com\/fr\/","name":"JC Maquinay","description":"Heavy Construction Equipment since 1968","publisher":{"@id":"https:\/\/www.jcmaquinay.com\/fr\/#organization"},"potentialAction":[{"@type":"SearchAction","target":{"@type":"EntryPoint","urlTemplate":"https:\/\/www.jcmaquinay.com\/fr\/?s={search_term_string}"},"query-input":{"@type":"PropertyValueSpecification","valueRequired":true,"valueName":"search_term_string"}}],"inLanguage":"fr-FR"},{"@type":"Organization","@id":"https:\/\/www.jcmaquinay.com\/fr\/#organization","name":"JC Maquinay","url":"https:\/\/www.jcmaquinay.com\/fr\/","logo":{"@type":"ImageObject","inLanguage":"fr-FR","@id":"https:\/\/www.jcmaquinay.com\/fr\/#\/schema\/logo\/image\/","url":"https:\/\/www.jcmaquinay.com\/wp-content\/uploads\/2017\/07\/cropped-essai-05b-ok-copy-2.jpg","contentUrl":"https:\/\/www.jcmaquinay.com\/wp-content\/uploads\/2017\/07\/cropped-essai-05b-ok-copy-2.jpg","width":498,"height":110,"caption":"JC Maquinay"},"image":{"@id":"https:\/\/www.jcmaquinay.com\/fr\/#\/schema\/logo\/image\/"}}]}},"_links":{"self":[{"href":"https:\/\/www.jcmaquinay.com\/fr\/wp-json\/wp\/v2\/pages\/748","targetHints":{"allow":["GET"]}}],"collection":[{"href":"https:\/\/www.jcmaquinay.com\/fr\/wp-json\/wp\/v2\/pages"}],"about":[{"href":"https:\/\/www.jcmaquinay.com\/fr\/wp-json\/wp\/v2\/types\/page"}],"author":[{"embeddable":true,"href":"https:\/\/www.jcmaquinay.com\/fr\/wp-json\/wp\/v2\/users\/1"}],"replies":[{"embeddable":true,"href":"https:\/\/www.jcmaquinay.com\/fr\/wp-json\/wp\/v2\/comments?post=748"}],"version-history":[{"count":1,"href":"https:\/\/www.jcmaquinay.com\/fr\/wp-json\/wp\/v2\/pages\/748\/revisions"}],"predecessor-version":[{"id":749,"href":"https:\/\/www.jcmaquinay.com\/fr\/wp-json\/wp\/v2\/pages\/748\/revisions\/749"}],"wp:featuredmedia":[{"embeddable":true,"href":"https:\/\/www.jcmaquinay.com\/fr\/wp-json\/wp\/v2\/media\/1606"}],"wp:attachment":[{"href":"https:\/\/www.jcmaquinay.com\/fr\/wp-json\/wp\/v2\/media?parent=748"}],"curies":[{"name":"wp","href":"https:\/\/api.w.org\/{rel}","templated":true}]}}