{"id":744,"date":"2018-02-07T11:48:48","date_gmt":"2018-02-07T10:48:48","guid":{"rendered":"https:\/\/www.jcmaquinay.com\/?page_id=744"},"modified":"2018-03-27T16:39:06","modified_gmt":"2018-03-27T14:39:06","slug":"a-propos","status":"publish","type":"page","link":"https:\/\/www.jcmaquinay.com\/fr\/a-propos\/","title":{"rendered":"\u00c0 propos"},"content":{"rendered":"<p>Fascin\u00e9s par les machines depuis toujours, cette <strong>passion<\/strong> est aussi notre m\u00e9tier.<\/p>\n<p><strong>Jean-Claude Maquinay<\/strong> est pr\u00e9sent sur le march\u00e9 des machines d\u2019occasion depuis 1968.<\/p>\n<p>En 2007, son fils <strong>Pierre<\/strong> est venu le rejoindre, sa pr\u00e9sence dans la soci\u00e9t\u00e9 a permis de mettre \u00e0 jour et d\u00e9velopper les affaires avec le cot\u00e9 informatique du m\u00e9tier qui est devenu n\u00e9cessaire de nos jours.<\/p>\n<p>Notre <strong>exp\u00e9rience<\/strong> de maintenant pr\u00e8s de <strong>50 ans<\/strong> est notre marque de confiance, nous vendons dans le monde entier, et r\u00e9guli\u00e8rement sans visite d\u2019inspection pr\u00e9alable du mat\u00e9riel, le client ach\u00e8te depuis l\u2019autre bout de la plan\u00e8te, en toute confiance.<\/p>\n<p>C\u2019est cette exp\u00e9rience qui a construit notre <strong>r\u00e9putation<\/strong> \u00e0 travers le monde et qui nous permet de vous offrir une <strong>s\u00e9lection de machines de qualit\u00e9<\/strong>.<\/p>\n<p>Quelle que soit votre demande, n\u2019h\u00e9sitez pas \u00e0 nous contacter !<\/p>\n","protected":false},"excerpt":{"rendered":"<p>Fascin\u00e9s par les machines depuis toujours, cette passion est aussi notre m\u00e9tier. Jean-Claude Maquinay est pr\u00e9sent sur le march\u00e9 des machines d\u2019occasion depuis 1968. En 2007, son fils Pierre est venu le rejoindre, sa pr\u00e9sence dans la soci\u00e9t\u00e9 a permis de mettre \u00e0 jour et d\u00e9velopper les affaires avec le cot\u00e9 informatique du m\u00e9tier qui &hellip; <\/p>\n<p class=\"link-more\"><a href=\"https:\/\/www.jcmaquinay.com\/fr\/a-propos\/\" class=\"more-link\">Continue reading<span class=\"screen-reader-text\"> \u00ab\u00a0\u00c0 propos\u00a0\u00bb<\/span><\/a><\/p>\n","protected":false},"author":1,"featured_media":1606,"parent":0,"menu_order":2,"comment_status":"closed","ping_status":"closed","template":"","meta":{"footnotes":""},"class_list":["post-744","page","type-page","status-publish","has-post-thumbnail","hentry","entry"],"yoast_head":"<!-- This site is optimized with the Yoast SEO plugin v27.1.1 - https:\/\/yoast.com\/product\/yoast-seo-wordpress\/ -->\n<title>\u00c0 propos &#8211; JC Maquinay<\/title>\n<meta name=\"robots\" content=\"index, follow, max-snippet:-1, max-image-preview:large, max-video-preview:-1\" \/>\n<link rel=\"canonical\" href=\"https:\/\/www.jcmaquinay.com\/fr\/a-propos\/\" \/>\n<meta property=\"og:locale\" content=\"fr_FR\" \/>\n<meta property=\"og:type\" content=\"article\" \/>\n<meta property=\"og:title\" content=\"\u00c0 propos &#8211; JC Maquinay\" \/>\n<meta property=\"og:description\" content=\"Fascin\u00e9s par les machines depuis toujours, cette passion est aussi notre m\u00e9tier. Jean-Claude Maquinay est pr\u00e9sent sur le march\u00e9 des machines d\u2019occasion depuis 1968. En 2007, son fils Pierre est venu le rejoindre, sa pr\u00e9sence dans la soci\u00e9t\u00e9 a permis de mettre \u00e0 jour et d\u00e9velopper les affaires avec le cot\u00e9 informatique du m\u00e9tier qui &hellip; Continue reading &quot;\u00c0 propos&quot;\" \/>\n<meta property=\"og:url\" content=\"https:\/\/www.jcmaquinay.com\/fr\/a-propos\/\" \/>\n<meta property=\"og:site_name\" content=\"JC Maquinay\" \/>\n<meta property=\"article:modified_time\" content=\"2018-03-27T14:39:06+00:00\" \/>\n<meta property=\"og:image\" content=\"https:\/\/www.jcmaquinay.com\/wp-content\/uploads\/2018\/03\/header.jpg\" \/>\n\t<meta property=\"og:image:width\" content=\"1800\" \/>\n\t<meta property=\"og:image:height\" content=\"422\" \/>\n\t<meta property=\"og:image:type\" content=\"image\/jpeg\" \/>\n<meta name=\"twitter:card\" content=\"summary_large_image\" \/>\n<meta name=\"twitter:label1\" content=\"Dur\u00e9e de lecture estim\u00e9e\" \/>\n\t<meta name=\"twitter:data1\" content=\"1 minute\" \/>\n<script type=\"application\/ld+json\" class=\"yoast-schema-graph\">{\"@context\":\"https:\/\/schema.org\",\"@graph\":[{\"@type\":\"WebPage\",\"@id\":\"https:\/\/www.jcmaquinay.com\/fr\/a-propos\/\",\"url\":\"https:\/\/www.jcmaquinay.com\/fr\/a-propos\/\",\"name\":\"\u00c0 propos &#8211; JC Maquinay\",\"isPartOf\":{\"@id\":\"https:\/\/www.jcmaquinay.com\/fr\/#website\"},\"primaryImageOfPage\":{\"@id\":\"https:\/\/www.jcmaquinay.com\/fr\/a-propos\/#primaryimage\"},\"image\":{\"@id\":\"https:\/\/www.jcmaquinay.com\/fr\/a-propos\/#primaryimage\"},\"thumbnailUrl\":\"https:\/\/www.jcmaquinay.com\/wp-content\/uploads\/2018\/03\/header.jpg\",\"datePublished\":\"2018-02-07T10:48:48+00:00\",\"dateModified\":\"2018-03-27T14:39:06+00:00\",\"breadcrumb\":{\"@id\":\"https:\/\/www.jcmaquinay.com\/fr\/a-propos\/#breadcrumb\"},\"inLanguage\":\"fr-FR\",\"potentialAction\":[{\"@type\":\"ReadAction\",\"target\":[\"https:\/\/www.jcmaquinay.com\/fr\/a-propos\/\"]}]},{\"@type\":\"ImageObject\",\"inLanguage\":\"fr-FR\",\"@id\":\"https:\/\/www.jcmaquinay.com\/fr\/a-propos\/#primaryimage\",\"url\":\"https:\/\/www.jcmaquinay.com\/wp-content\/uploads\/2018\/03\/header.jpg\",\"contentUrl\":\"https:\/\/www.jcmaquinay.com\/wp-content\/uploads\/2018\/03\/header.jpg\",\"width\":1800,\"height\":422},{\"@type\":\"BreadcrumbList\",\"@id\":\"https:\/\/www.jcmaquinay.com\/fr\/a-propos\/#breadcrumb\",\"itemListElement\":[{\"@type\":\"ListItem\",\"position\":1,\"name\":\"Accueil\",\"item\":\"https:\/\/www.jcmaquinay.com\/fr\/\"},{\"@type\":\"ListItem\",\"position\":2,\"name\":\"\u00c0 propos\"}]},{\"@type\":\"WebSite\",\"@id\":\"https:\/\/www.jcmaquinay.com\/fr\/#website\",\"url\":\"https:\/\/www.jcmaquinay.com\/fr\/\",\"name\":\"JC Maquinay\",\"description\":\"Heavy Construction Equipment since 1968\",\"publisher\":{\"@id\":\"https:\/\/www.jcmaquinay.com\/fr\/#organization\"},\"potentialAction\":[{\"@type\":\"SearchAction\",\"target\":{\"@type\":\"EntryPoint\",\"urlTemplate\":\"https:\/\/www.jcmaquinay.com\/fr\/?s={search_term_string}\"},\"query-input\":{\"@type\":\"PropertyValueSpecification\",\"valueRequired\":true,\"valueName\":\"search_term_string\"}}],\"inLanguage\":\"fr-FR\"},{\"@type\":\"Organization\",\"@id\":\"https:\/\/www.jcmaquinay.com\/fr\/#organization\",\"name\":\"JC Maquinay\",\"url\":\"https:\/\/www.jcmaquinay.com\/fr\/\",\"logo\":{\"@type\":\"ImageObject\",\"inLanguage\":\"fr-FR\",\"@id\":\"https:\/\/www.jcmaquinay.com\/fr\/#\/schema\/logo\/image\/\",\"url\":\"https:\/\/www.jcmaquinay.com\/wp-content\/uploads\/2017\/07\/cropped-essai-05b-ok-copy-2.jpg\",\"contentUrl\":\"https:\/\/www.jcmaquinay.com\/wp-content\/uploads\/2017\/07\/cropped-essai-05b-ok-copy-2.jpg\",\"width\":498,\"height\":110,\"caption\":\"JC Maquinay\"},\"image\":{\"@id\":\"https:\/\/www.jcmaquinay.com\/fr\/#\/schema\/logo\/image\/\"}}]}<\/script>\n<!-- \/ Yoast SEO plugin. -->","yoast_head_json":{"title":"\u00c0 propos &#8211; JC Maquinay","robots":{"index":"index","follow":"follow","max-snippet":"max-snippet:-1","max-image-preview":"max-image-preview:large","max-video-preview":"max-video-preview:-1"},"canonical":"https:\/\/www.jcmaquinay.com\/fr\/a-propos\/","og_locale":"fr_FR","og_type":"article","og_title":"\u00c0 propos &#8211; JC Maquinay","og_description":"Fascin\u00e9s par les machines depuis toujours, cette passion est aussi notre m\u00e9tier. Jean-Claude Maquinay est pr\u00e9sent sur le march\u00e9 des machines d\u2019occasion depuis 1968. En 2007, son fils Pierre est venu le rejoindre, sa pr\u00e9sence dans la soci\u00e9t\u00e9 a permis de mettre \u00e0 jour et d\u00e9velopper les affaires avec le cot\u00e9 informatique du m\u00e9tier qui &hellip; Continue reading \"\u00c0 propos\"","og_url":"https:\/\/www.jcmaquinay.com\/fr\/a-propos\/","og_site_name":"JC Maquinay","article_modified_time":"2018-03-27T14:39:06+00:00","og_image":[{"width":1800,"height":422,"url":"https:\/\/www.jcmaquinay.com\/wp-content\/uploads\/2018\/03\/header.jpg","type":"image\/jpeg"}],"twitter_card":"summary_large_image","twitter_misc":{"Dur\u00e9e de lecture estim\u00e9e":"1 minute"},"schema":{"@context":"https:\/\/schema.org","@graph":[{"@type":"WebPage","@id":"https:\/\/www.jcmaquinay.com\/fr\/a-propos\/","url":"https:\/\/www.jcmaquinay.com\/fr\/a-propos\/","name":"\u00c0 propos &#8211; JC Maquinay","isPartOf":{"@id":"https:\/\/www.jcmaquinay.com\/fr\/#website"},"primaryImageOfPage":{"@id":"https:\/\/www.jcmaquinay.com\/fr\/a-propos\/#primaryimage"},"image":{"@id":"https:\/\/www.jcmaquinay.com\/fr\/a-propos\/#primaryimage"},"thumbnailUrl":"https:\/\/www.jcmaquinay.com\/wp-content\/uploads\/2018\/03\/header.jpg","datePublished":"2018-02-07T10:48:48+00:00","dateModified":"2018-03-27T14:39:06+00:00","breadcrumb":{"@id":"https:\/\/www.jcmaquinay.com\/fr\/a-propos\/#breadcrumb"},"inLanguage":"fr-FR","potentialAction":[{"@type":"ReadAction","target":["https:\/\/www.jcmaquinay.com\/fr\/a-propos\/"]}]},{"@type":"ImageObject","inLanguage":"fr-FR","@id":"https:\/\/www.jcmaquinay.com\/fr\/a-propos\/#primaryimage","url":"https:\/\/www.jcmaquinay.com\/wp-content\/uploads\/2018\/03\/header.jpg","contentUrl":"https:\/\/www.jcmaquinay.com\/wp-content\/uploads\/2018\/03\/header.jpg","width":1800,"height":422},{"@type":"BreadcrumbList","@id":"https:\/\/www.jcmaquinay.com\/fr\/a-propos\/#breadcrumb","itemListElement":[{"@type":"ListItem","position":1,"name":"Accueil","item":"https:\/\/www.jcmaquinay.com\/fr\/"},{"@type":"ListItem","position":2,"name":"\u00c0 propos"}]},{"@type":"WebSite","@id":"https:\/\/www.jcmaquinay.com\/fr\/#website","url":"https:\/\/www.jcmaquinay.com\/fr\/","name":"JC Maquinay","description":"Heavy Construction Equipment since 1968","publisher":{"@id":"https:\/\/www.jcmaquinay.com\/fr\/#organization"},"potentialAction":[{"@type":"SearchAction","target":{"@type":"EntryPoint","urlTemplate":"https:\/\/www.jcmaquinay.com\/fr\/?s={search_term_string}"},"query-input":{"@type":"PropertyValueSpecification","valueRequired":true,"valueName":"search_term_string"}}],"inLanguage":"fr-FR"},{"@type":"Organization","@id":"https:\/\/www.jcmaquinay.com\/fr\/#organization","name":"JC Maquinay","url":"https:\/\/www.jcmaquinay.com\/fr\/","logo":{"@type":"ImageObject","inLanguage":"fr-FR","@id":"https:\/\/www.jcmaquinay.com\/fr\/#\/schema\/logo\/image\/","url":"https:\/\/www.jcmaquinay.com\/wp-content\/uploads\/2017\/07\/cropped-essai-05b-ok-copy-2.jpg","contentUrl":"https:\/\/www.jcmaquinay.com\/wp-content\/uploads\/2017\/07\/cropped-essai-05b-ok-copy-2.jpg","width":498,"height":110,"caption":"JC Maquinay"},"image":{"@id":"https:\/\/www.jcmaquinay.com\/fr\/#\/schema\/logo\/image\/"}}]}},"_links":{"self":[{"href":"https:\/\/www.jcmaquinay.com\/fr\/wp-json\/wp\/v2\/pages\/744","targetHints":{"allow":["GET"]}}],"collection":[{"href":"https:\/\/www.jcmaquinay.com\/fr\/wp-json\/wp\/v2\/pages"}],"about":[{"href":"https:\/\/www.jcmaquinay.com\/fr\/wp-json\/wp\/v2\/types\/page"}],"author":[{"embeddable":true,"href":"https:\/\/www.jcmaquinay.com\/fr\/wp-json\/wp\/v2\/users\/1"}],"replies":[{"embeddable":true,"href":"https:\/\/www.jcmaquinay.com\/fr\/wp-json\/wp\/v2\/comments?post=744"}],"version-history":[{"count":1,"href":"https:\/\/www.jcmaquinay.com\/fr\/wp-json\/wp\/v2\/pages\/744\/revisions"}],"predecessor-version":[{"id":745,"href":"https:\/\/www.jcmaquinay.com\/fr\/wp-json\/wp\/v2\/pages\/744\/revisions\/745"}],"wp:featuredmedia":[{"embeddable":true,"href":"https:\/\/www.jcmaquinay.com\/fr\/wp-json\/wp\/v2\/media\/1606"}],"wp:attachment":[{"href":"https:\/\/www.jcmaquinay.com\/fr\/wp-json\/wp\/v2\/media?parent=744"}],"curies":[{"name":"wp","href":"https:\/\/api.w.org\/{rel}","templated":true}]}}