{"id":742,"date":"2017-10-03T11:35:12","date_gmt":"2017-10-03T09:35:12","guid":{"rendered":"https:\/\/www.jcmaquinay.com\/?page_id=742"},"modified":"2018-02-20T14:13:46","modified_gmt":"2018-02-20T13:13:46","slug":"bienvenue-sur-jcmaquinay-com","status":"publish","type":"page","link":"https:\/\/www.jcmaquinay.com\/fr\/","title":{"rendered":"Bienvenue sur JCMaquinay.com"},"content":{"rendered":"<p>La soci\u00e9t\u00e9 <strong>JC MAQUINAY<\/strong> est active dans le n\u00e9goce de <strong>mat\u00e9riel de g\u00e9nie civil<\/strong> d\u2019occasion depuis 1968.<\/p>\n<p>Nous achetons et vendons tous <strong>engins de construction<\/strong>, de <strong>terrassement<\/strong>, de <strong>travaux routiers<\/strong>, de <strong>manutention<\/strong> ainsi que le <strong>mat\u00e9riel de carri\u00e8res<\/strong>.<\/p>\n<p>Si cherchez du mat\u00e9riel ou si vous avez du mat\u00e9riel \u00e0 vendre, contactez-nous.<br \/>\nNous pouvons aussi vous fournir les meilleures solutions pour le <strong>transport<\/strong> &amp; l\u2019<strong>exp\u00e9dition maritime<\/strong> de votre mat\u00e9riel vers votre destination.<\/p>\n<p>Ci-dessous, vous trouverez un aper\u00e7u de nos machines actuellement propos\u00e9es \u00e0 la vente, class\u00e9es par cat\u00e9gories. Pour une vue globale de notre inventaire, cliquez sur \u00ab Voir tout \u00bb.<\/p>\n","protected":false},"excerpt":{"rendered":"<p>La soci\u00e9t\u00e9 JC MAQUINAY est active dans le n\u00e9goce de mat\u00e9riel de g\u00e9nie civil d\u2019occasion depuis 1968. Nous achetons et vendons tous engins de construction, de terrassement, de travaux routiers, de manutention ainsi que le mat\u00e9riel de carri\u00e8res. Si cherchez du mat\u00e9riel ou si vous avez du mat\u00e9riel \u00e0 vendre, contactez-nous. Nous pouvons aussi vous &hellip; <\/p>\n<p class=\"link-more\"><a href=\"https:\/\/www.jcmaquinay.com\/fr\/\" class=\"more-link\">Continue reading<span class=\"screen-reader-text\"> \u00ab\u00a0Bienvenue sur JCMaquinay.com\u00a0\u00bb<\/span><\/a><\/p>\n","protected":false},"author":1,"featured_media":0,"parent":0,"menu_order":1,"comment_status":"closed","ping_status":"closed","template":"","meta":{"footnotes":""},"class_list":["post-742","page","type-page","status-publish","hentry","entry"],"yoast_head":"<!-- This site is optimized with the Yoast SEO plugin v27.1.1 - https:\/\/yoast.com\/product\/yoast-seo-wordpress\/ -->\n<title>Bienvenue sur JCMaquinay.com &#8211; JC Maquinay<\/title>\n<meta name=\"description\" content=\"J.C. MAQUINAY is buying your used construction equipment, lifting equipment and quarry equipment \u00a0for exportation.\" \/>\n<meta name=\"robots\" content=\"index, follow, max-snippet:-1, max-image-preview:large, max-video-preview:-1\" \/>\n<link rel=\"canonical\" href=\"https:\/\/www.jcmaquinay.com\/fr\/\" \/>\n<meta property=\"og:locale\" content=\"fr_FR\" \/>\n<meta property=\"og:type\" content=\"article\" \/>\n<meta property=\"og:title\" content=\"Bienvenue sur JCMaquinay.com &#8211; JC Maquinay\" \/>\n<meta property=\"og:description\" content=\"J.C. MAQUINAY is buying your used construction equipment, lifting equipment and quarry equipment \u00a0for exportation.\" \/>\n<meta property=\"og:url\" content=\"https:\/\/www.jcmaquinay.com\/fr\/\" \/>\n<meta property=\"og:site_name\" content=\"JC Maquinay\" \/>\n<meta property=\"article:modified_time\" content=\"2018-02-20T13:13:46+00:00\" \/>\n<meta name=\"twitter:card\" content=\"summary_large_image\" \/>\n<meta name=\"twitter:label1\" content=\"Dur\u00e9e de lecture estim\u00e9e\" \/>\n\t<meta name=\"twitter:data1\" content=\"1 minute\" \/>\n<script type=\"application\/ld+json\" class=\"yoast-schema-graph\">{\"@context\":\"https:\/\/schema.org\",\"@graph\":[{\"@type\":\"WebPage\",\"@id\":\"https:\/\/www.jcmaquinay.com\/fr\/\",\"url\":\"https:\/\/www.jcmaquinay.com\/fr\/\",\"name\":\"Bienvenue sur JCMaquinay.com &#8211; JC Maquinay\",\"isPartOf\":{\"@id\":\"https:\/\/www.jcmaquinay.com\/fr\/#website\"},\"datePublished\":\"2017-10-03T09:35:12+00:00\",\"dateModified\":\"2018-02-20T13:13:46+00:00\",\"description\":\"J.C. MAQUINAY is buying your used construction equipment, lifting equipment and quarry equipment \u00a0for exportation.\",\"breadcrumb\":{\"@id\":\"https:\/\/www.jcmaquinay.com\/fr\/#breadcrumb\"},\"inLanguage\":\"fr-FR\",\"potentialAction\":[{\"@type\":\"ReadAction\",\"target\":[\"https:\/\/www.jcmaquinay.com\/fr\/\"]}]},{\"@type\":\"BreadcrumbList\",\"@id\":\"https:\/\/www.jcmaquinay.com\/fr\/#breadcrumb\",\"itemListElement\":[{\"@type\":\"ListItem\",\"position\":1,\"name\":\"Accueil\",\"item\":\"https:\/\/www.jcmaquinay.com\/fr\/\"},{\"@type\":\"ListItem\",\"position\":2,\"name\":\"Bienvenue sur JCMaquinay.com\"}]},{\"@type\":\"WebSite\",\"@id\":\"https:\/\/www.jcmaquinay.com\/fr\/#website\",\"url\":\"https:\/\/www.jcmaquinay.com\/fr\/\",\"name\":\"JC Maquinay\",\"description\":\"Heavy Construction Equipment since 1968\",\"publisher\":{\"@id\":\"https:\/\/www.jcmaquinay.com\/fr\/#organization\"},\"potentialAction\":[{\"@type\":\"SearchAction\",\"target\":{\"@type\":\"EntryPoint\",\"urlTemplate\":\"https:\/\/www.jcmaquinay.com\/fr\/?s={search_term_string}\"},\"query-input\":{\"@type\":\"PropertyValueSpecification\",\"valueRequired\":true,\"valueName\":\"search_term_string\"}}],\"inLanguage\":\"fr-FR\"},{\"@type\":\"Organization\",\"@id\":\"https:\/\/www.jcmaquinay.com\/fr\/#organization\",\"name\":\"JC Maquinay\",\"url\":\"https:\/\/www.jcmaquinay.com\/fr\/\",\"logo\":{\"@type\":\"ImageObject\",\"inLanguage\":\"fr-FR\",\"@id\":\"https:\/\/www.jcmaquinay.com\/fr\/#\/schema\/logo\/image\/\",\"url\":\"https:\/\/www.jcmaquinay.com\/wp-content\/uploads\/2017\/07\/cropped-essai-05b-ok-copy-2.jpg\",\"contentUrl\":\"https:\/\/www.jcmaquinay.com\/wp-content\/uploads\/2017\/07\/cropped-essai-05b-ok-copy-2.jpg\",\"width\":498,\"height\":110,\"caption\":\"JC Maquinay\"},\"image\":{\"@id\":\"https:\/\/www.jcmaquinay.com\/fr\/#\/schema\/logo\/image\/\"}}]}<\/script>\n<!-- \/ Yoast SEO plugin. -->","yoast_head_json":{"title":"Bienvenue sur JCMaquinay.com &#8211; JC Maquinay","description":"J.C. MAQUINAY is buying your used construction equipment, lifting equipment and quarry equipment \u00a0for exportation.","robots":{"index":"index","follow":"follow","max-snippet":"max-snippet:-1","max-image-preview":"max-image-preview:large","max-video-preview":"max-video-preview:-1"},"canonical":"https:\/\/www.jcmaquinay.com\/fr\/","og_locale":"fr_FR","og_type":"article","og_title":"Bienvenue sur JCMaquinay.com &#8211; JC Maquinay","og_description":"J.C. MAQUINAY is buying your used construction equipment, lifting equipment and quarry equipment \u00a0for exportation.","og_url":"https:\/\/www.jcmaquinay.com\/fr\/","og_site_name":"JC Maquinay","article_modified_time":"2018-02-20T13:13:46+00:00","twitter_card":"summary_large_image","twitter_misc":{"Dur\u00e9e de lecture estim\u00e9e":"1 minute"},"schema":{"@context":"https:\/\/schema.org","@graph":[{"@type":"WebPage","@id":"https:\/\/www.jcmaquinay.com\/fr\/","url":"https:\/\/www.jcmaquinay.com\/fr\/","name":"Bienvenue sur JCMaquinay.com &#8211; JC Maquinay","isPartOf":{"@id":"https:\/\/www.jcmaquinay.com\/fr\/#website"},"datePublished":"2017-10-03T09:35:12+00:00","dateModified":"2018-02-20T13:13:46+00:00","description":"J.C. MAQUINAY is buying your used construction equipment, lifting equipment and quarry equipment \u00a0for exportation.","breadcrumb":{"@id":"https:\/\/www.jcmaquinay.com\/fr\/#breadcrumb"},"inLanguage":"fr-FR","potentialAction":[{"@type":"ReadAction","target":["https:\/\/www.jcmaquinay.com\/fr\/"]}]},{"@type":"BreadcrumbList","@id":"https:\/\/www.jcmaquinay.com\/fr\/#breadcrumb","itemListElement":[{"@type":"ListItem","position":1,"name":"Accueil","item":"https:\/\/www.jcmaquinay.com\/fr\/"},{"@type":"ListItem","position":2,"name":"Bienvenue sur JCMaquinay.com"}]},{"@type":"WebSite","@id":"https:\/\/www.jcmaquinay.com\/fr\/#website","url":"https:\/\/www.jcmaquinay.com\/fr\/","name":"JC Maquinay","description":"Heavy Construction Equipment since 1968","publisher":{"@id":"https:\/\/www.jcmaquinay.com\/fr\/#organization"},"potentialAction":[{"@type":"SearchAction","target":{"@type":"EntryPoint","urlTemplate":"https:\/\/www.jcmaquinay.com\/fr\/?s={search_term_string}"},"query-input":{"@type":"PropertyValueSpecification","valueRequired":true,"valueName":"search_term_string"}}],"inLanguage":"fr-FR"},{"@type":"Organization","@id":"https:\/\/www.jcmaquinay.com\/fr\/#organization","name":"JC Maquinay","url":"https:\/\/www.jcmaquinay.com\/fr\/","logo":{"@type":"ImageObject","inLanguage":"fr-FR","@id":"https:\/\/www.jcmaquinay.com\/fr\/#\/schema\/logo\/image\/","url":"https:\/\/www.jcmaquinay.com\/wp-content\/uploads\/2017\/07\/cropped-essai-05b-ok-copy-2.jpg","contentUrl":"https:\/\/www.jcmaquinay.com\/wp-content\/uploads\/2017\/07\/cropped-essai-05b-ok-copy-2.jpg","width":498,"height":110,"caption":"JC Maquinay"},"image":{"@id":"https:\/\/www.jcmaquinay.com\/fr\/#\/schema\/logo\/image\/"}}]}},"_links":{"self":[{"href":"https:\/\/www.jcmaquinay.com\/fr\/wp-json\/wp\/v2\/pages\/742","targetHints":{"allow":["GET"]}}],"collection":[{"href":"https:\/\/www.jcmaquinay.com\/fr\/wp-json\/wp\/v2\/pages"}],"about":[{"href":"https:\/\/www.jcmaquinay.com\/fr\/wp-json\/wp\/v2\/types\/page"}],"author":[{"embeddable":true,"href":"https:\/\/www.jcmaquinay.com\/fr\/wp-json\/wp\/v2\/users\/1"}],"replies":[{"embeddable":true,"href":"https:\/\/www.jcmaquinay.com\/fr\/wp-json\/wp\/v2\/comments?post=742"}],"version-history":[{"count":1,"href":"https:\/\/www.jcmaquinay.com\/fr\/wp-json\/wp\/v2\/pages\/742\/revisions"}],"predecessor-version":[{"id":743,"href":"https:\/\/www.jcmaquinay.com\/fr\/wp-json\/wp\/v2\/pages\/742\/revisions\/743"}],"wp:attachment":[{"href":"https:\/\/www.jcmaquinay.com\/fr\/wp-json\/wp\/v2\/media?parent=742"}],"curies":[{"name":"wp","href":"https:\/\/api.w.org\/{rel}","templated":true}]}}