{"id":770,"date":"2018-02-07T11:49:07","date_gmt":"2018-02-07T10:49:07","guid":{"rendered":"https:\/\/www.jcmaquinay.com\/terms-conditions\/"},"modified":"2018-05-18T14:26:16","modified_gmt":"2018-05-18T12:26:16","slug":"terminos-y-condiciones","status":"publish","type":"page","link":"https:\/\/www.jcmaquinay.com\/es\/terminos-y-condiciones\/","title":{"rendered":"Condiciones generales"},"content":{"rendered":"<div class=\"page\" title=\"Page 1\">\n<div class=\"section\">\n<div class=\"layoutArea\">\n<div class=\"column\">\n<p>Todas nuestras ofertas son v\u00e1lidas, salvo si entretanto se han vendido.<\/p>\n<p>Los datos proporcionados relativos al a\u00f1o de construcci\u00f3n, al n\u00famero de horas de trabajo, al peso, al estado, a la fuerza, a la capacidad, a la velocidad y a las dimensiones del material propuesto o vendido se dan a t\u00edtulo meramente indicativo y sin ninguna garant\u00eda, ni compromiso, ni responsabilidad de nuestra parte.<\/p>\n<p>El material se vende recogido <em>in situ<\/em>, aceptado por el comprador o considerado como tal.<\/p>\n<p>El cliente se ocupa de retirar el material vendido, de la carga y\/o descarga en el muelle, en el vag\u00f3n, en el cami\u00f3n o en el barco as\u00ed como del transporte, todo ello a su cargo y bajo su responsabilidad.<\/p>\n<p>Incluso en caso de venta franco, el material est\u00e1 aprobado o considerado como tal a la salida de nuestra empresa y viaja por cuenta y riesgo del destinatario.<\/p>\n<p>En caso de anulaci\u00f3n del contrato por motivos imputables a nuestro cocontratante, \u00e9ste nos adeudar\u00e1 una indemnizaci\u00f3n fija del 20% del precio del mercado, sin perjuicio de nuestro derecho de reclamar reparaci\u00f3n de la totalidad del da\u00f1o.<\/p>\n<p>Toda reclamaci\u00f3n ser\u00e1 admisible solamente si se notifica por correo certificado, dentro de un plazo de ocho d\u00edas des de la recepci\u00f3n de la factura.<\/p>\n<p>En caso de desacuerdos, el Tribunal de LIEJA ser\u00e1 el \u00fanico competente.<\/p>\n<p><span style=\"font-size: 1rem;\">.<\/span><\/p>\n<\/div>\n<\/div>\n<\/div>\n<\/div>\n","protected":false},"excerpt":{"rendered":"<p>Todas nuestras ofertas son v\u00e1lidas, salvo si entretanto se han vendido. Los datos proporcionados relativos al a\u00f1o de construcci\u00f3n, al n\u00famero de horas de trabajo, al peso, al estado, a la fuerza, a la capacidad, a la velocidad y a las dimensiones del material propuesto o vendido se dan a t\u00edtulo meramente indicativo y sin &hellip; <\/p>\n<p class=\"link-more\"><a href=\"https:\/\/www.jcmaquinay.com\/es\/terminos-y-condiciones\/\" class=\"more-link\">Continue reading<span class=\"screen-reader-text\"> \u00abCondiciones generales\u00bb<\/span><\/a><\/p>\n","protected":false},"author":1,"featured_media":771,"parent":0,"menu_order":4,"comment_status":"closed","ping_status":"closed","template":"","meta":{"footnotes":""},"class_list":["post-770","page","type-page","status-publish","has-post-thumbnail","hentry","entry"],"yoast_head":"<!-- This site is optimized with the Yoast SEO plugin v27.1.1 - https:\/\/yoast.com\/product\/yoast-seo-wordpress\/ -->\n<title>Condiciones generales &#8211; JC Maquinay<\/title>\n<meta name=\"robots\" content=\"index, follow, max-snippet:-1, max-image-preview:large, max-video-preview:-1\" \/>\n<link rel=\"canonical\" href=\"https:\/\/www.jcmaquinay.com\/es\/terminos-y-condiciones\/\" \/>\n<meta property=\"og:locale\" content=\"es_ES\" \/>\n<meta property=\"og:type\" content=\"article\" \/>\n<meta property=\"og:title\" content=\"Condiciones generales &#8211; JC Maquinay\" \/>\n<meta property=\"og:description\" content=\"Todas nuestras ofertas son v\u00e1lidas, salvo si entretanto se han vendido. Los datos proporcionados relativos al a\u00f1o de construcci\u00f3n, al n\u00famero de horas de trabajo, al peso, al estado, a la fuerza, a la capacidad, a la velocidad y a las dimensiones del material propuesto o vendido se dan a t\u00edtulo meramente indicativo y sin &hellip; Continue reading &quot;Condiciones generales&quot;\" \/>\n<meta property=\"og:url\" content=\"https:\/\/www.jcmaquinay.com\/es\/terminos-y-condiciones\/\" \/>\n<meta property=\"og:site_name\" content=\"JC Maquinay\" \/>\n<meta property=\"article:modified_time\" content=\"2018-05-18T12:26:16+00:00\" \/>\n<meta property=\"og:image\" content=\"https:\/\/www.jcmaquinay.com\/wp-content\/uploads\/2018\/02\/ricardo-gomez-angel-517604.jpg\" \/>\n\t<meta property=\"og:image:width\" content=\"3780\" \/>\n\t<meta property=\"og:image:height\" content=\"2403\" \/>\n\t<meta property=\"og:image:type\" content=\"image\/jpeg\" \/>\n<meta name=\"twitter:card\" content=\"summary_large_image\" \/>\n<meta name=\"twitter:label1\" content=\"Tiempo de lectura\" \/>\n\t<meta name=\"twitter:data1\" content=\"1 minuto\" \/>\n<script type=\"application\/ld+json\" class=\"yoast-schema-graph\">{\"@context\":\"https:\/\/schema.org\",\"@graph\":[{\"@type\":\"WebPage\",\"@id\":\"https:\/\/www.jcmaquinay.com\/es\/terminos-y-condiciones\/\",\"url\":\"https:\/\/www.jcmaquinay.com\/es\/terminos-y-condiciones\/\",\"name\":\"Condiciones generales &#8211; JC Maquinay\",\"isPartOf\":{\"@id\":\"https:\/\/www.jcmaquinay.com\/es\/#website\"},\"primaryImageOfPage\":{\"@id\":\"https:\/\/www.jcmaquinay.com\/es\/terminos-y-condiciones\/#primaryimage\"},\"image\":{\"@id\":\"https:\/\/www.jcmaquinay.com\/es\/terminos-y-condiciones\/#primaryimage\"},\"thumbnailUrl\":\"https:\/\/www.jcmaquinay.com\/wp-content\/uploads\/2018\/02\/ricardo-gomez-angel-517604.jpg\",\"datePublished\":\"2018-02-07T10:49:07+00:00\",\"dateModified\":\"2018-05-18T12:26:16+00:00\",\"breadcrumb\":{\"@id\":\"https:\/\/www.jcmaquinay.com\/es\/terminos-y-condiciones\/#breadcrumb\"},\"inLanguage\":\"es\",\"potentialAction\":[{\"@type\":\"ReadAction\",\"target\":[\"https:\/\/www.jcmaquinay.com\/es\/terminos-y-condiciones\/\"]}]},{\"@type\":\"ImageObject\",\"inLanguage\":\"es\",\"@id\":\"https:\/\/www.jcmaquinay.com\/es\/terminos-y-condiciones\/#primaryimage\",\"url\":\"https:\/\/www.jcmaquinay.com\/wp-content\/uploads\/2018\/02\/ricardo-gomez-angel-517604.jpg\",\"contentUrl\":\"https:\/\/www.jcmaquinay.com\/wp-content\/uploads\/2018\/02\/ricardo-gomez-angel-517604.jpg\",\"width\":3780,\"height\":2403},{\"@type\":\"BreadcrumbList\",\"@id\":\"https:\/\/www.jcmaquinay.com\/es\/terminos-y-condiciones\/#breadcrumb\",\"itemListElement\":[{\"@type\":\"ListItem\",\"position\":1,\"name\":\"Accueil\",\"item\":\"https:\/\/www.jcmaquinay.com\/es\/\"},{\"@type\":\"ListItem\",\"position\":2,\"name\":\"Condiciones generales\"}]},{\"@type\":\"WebSite\",\"@id\":\"https:\/\/www.jcmaquinay.com\/es\/#website\",\"url\":\"https:\/\/www.jcmaquinay.com\/es\/\",\"name\":\"JC Maquinay\",\"description\":\"Heavy Construction Equipment since 1968\",\"publisher\":{\"@id\":\"https:\/\/www.jcmaquinay.com\/es\/#organization\"},\"potentialAction\":[{\"@type\":\"SearchAction\",\"target\":{\"@type\":\"EntryPoint\",\"urlTemplate\":\"https:\/\/www.jcmaquinay.com\/es\/?s={search_term_string}\"},\"query-input\":{\"@type\":\"PropertyValueSpecification\",\"valueRequired\":true,\"valueName\":\"search_term_string\"}}],\"inLanguage\":\"es\"},{\"@type\":\"Organization\",\"@id\":\"https:\/\/www.jcmaquinay.com\/es\/#organization\",\"name\":\"JC Maquinay\",\"url\":\"https:\/\/www.jcmaquinay.com\/es\/\",\"logo\":{\"@type\":\"ImageObject\",\"inLanguage\":\"es\",\"@id\":\"https:\/\/www.jcmaquinay.com\/es\/#\/schema\/logo\/image\/\",\"url\":\"https:\/\/www.jcmaquinay.com\/wp-content\/uploads\/2017\/07\/cropped-essai-05b-ok-copy-2.jpg\",\"contentUrl\":\"https:\/\/www.jcmaquinay.com\/wp-content\/uploads\/2017\/07\/cropped-essai-05b-ok-copy-2.jpg\",\"width\":498,\"height\":110,\"caption\":\"JC Maquinay\"},\"image\":{\"@id\":\"https:\/\/www.jcmaquinay.com\/es\/#\/schema\/logo\/image\/\"}}]}<\/script>\n<!-- \/ Yoast SEO plugin. -->","yoast_head_json":{"title":"Condiciones generales &#8211; JC Maquinay","robots":{"index":"index","follow":"follow","max-snippet":"max-snippet:-1","max-image-preview":"max-image-preview:large","max-video-preview":"max-video-preview:-1"},"canonical":"https:\/\/www.jcmaquinay.com\/es\/terminos-y-condiciones\/","og_locale":"es_ES","og_type":"article","og_title":"Condiciones generales &#8211; JC Maquinay","og_description":"Todas nuestras ofertas son v\u00e1lidas, salvo si entretanto se han vendido. Los datos proporcionados relativos al a\u00f1o de construcci\u00f3n, al n\u00famero de horas de trabajo, al peso, al estado, a la fuerza, a la capacidad, a la velocidad y a las dimensiones del material propuesto o vendido se dan a t\u00edtulo meramente indicativo y sin &hellip; Continue reading \"Condiciones generales\"","og_url":"https:\/\/www.jcmaquinay.com\/es\/terminos-y-condiciones\/","og_site_name":"JC Maquinay","article_modified_time":"2018-05-18T12:26:16+00:00","og_image":[{"width":3780,"height":2403,"url":"https:\/\/www.jcmaquinay.com\/wp-content\/uploads\/2018\/02\/ricardo-gomez-angel-517604.jpg","type":"image\/jpeg"}],"twitter_card":"summary_large_image","twitter_misc":{"Tiempo de lectura":"1 minuto"},"schema":{"@context":"https:\/\/schema.org","@graph":[{"@type":"WebPage","@id":"https:\/\/www.jcmaquinay.com\/es\/terminos-y-condiciones\/","url":"https:\/\/www.jcmaquinay.com\/es\/terminos-y-condiciones\/","name":"Condiciones generales &#8211; JC Maquinay","isPartOf":{"@id":"https:\/\/www.jcmaquinay.com\/es\/#website"},"primaryImageOfPage":{"@id":"https:\/\/www.jcmaquinay.com\/es\/terminos-y-condiciones\/#primaryimage"},"image":{"@id":"https:\/\/www.jcmaquinay.com\/es\/terminos-y-condiciones\/#primaryimage"},"thumbnailUrl":"https:\/\/www.jcmaquinay.com\/wp-content\/uploads\/2018\/02\/ricardo-gomez-angel-517604.jpg","datePublished":"2018-02-07T10:49:07+00:00","dateModified":"2018-05-18T12:26:16+00:00","breadcrumb":{"@id":"https:\/\/www.jcmaquinay.com\/es\/terminos-y-condiciones\/#breadcrumb"},"inLanguage":"es","potentialAction":[{"@type":"ReadAction","target":["https:\/\/www.jcmaquinay.com\/es\/terminos-y-condiciones\/"]}]},{"@type":"ImageObject","inLanguage":"es","@id":"https:\/\/www.jcmaquinay.com\/es\/terminos-y-condiciones\/#primaryimage","url":"https:\/\/www.jcmaquinay.com\/wp-content\/uploads\/2018\/02\/ricardo-gomez-angel-517604.jpg","contentUrl":"https:\/\/www.jcmaquinay.com\/wp-content\/uploads\/2018\/02\/ricardo-gomez-angel-517604.jpg","width":3780,"height":2403},{"@type":"BreadcrumbList","@id":"https:\/\/www.jcmaquinay.com\/es\/terminos-y-condiciones\/#breadcrumb","itemListElement":[{"@type":"ListItem","position":1,"name":"Accueil","item":"https:\/\/www.jcmaquinay.com\/es\/"},{"@type":"ListItem","position":2,"name":"Condiciones generales"}]},{"@type":"WebSite","@id":"https:\/\/www.jcmaquinay.com\/es\/#website","url":"https:\/\/www.jcmaquinay.com\/es\/","name":"JC Maquinay","description":"Heavy Construction Equipment since 1968","publisher":{"@id":"https:\/\/www.jcmaquinay.com\/es\/#organization"},"potentialAction":[{"@type":"SearchAction","target":{"@type":"EntryPoint","urlTemplate":"https:\/\/www.jcmaquinay.com\/es\/?s={search_term_string}"},"query-input":{"@type":"PropertyValueSpecification","valueRequired":true,"valueName":"search_term_string"}}],"inLanguage":"es"},{"@type":"Organization","@id":"https:\/\/www.jcmaquinay.com\/es\/#organization","name":"JC Maquinay","url":"https:\/\/www.jcmaquinay.com\/es\/","logo":{"@type":"ImageObject","inLanguage":"es","@id":"https:\/\/www.jcmaquinay.com\/es\/#\/schema\/logo\/image\/","url":"https:\/\/www.jcmaquinay.com\/wp-content\/uploads\/2017\/07\/cropped-essai-05b-ok-copy-2.jpg","contentUrl":"https:\/\/www.jcmaquinay.com\/wp-content\/uploads\/2017\/07\/cropped-essai-05b-ok-copy-2.jpg","width":498,"height":110,"caption":"JC Maquinay"},"image":{"@id":"https:\/\/www.jcmaquinay.com\/es\/#\/schema\/logo\/image\/"}}]}},"_links":{"self":[{"href":"https:\/\/www.jcmaquinay.com\/es\/wp-json\/wp\/v2\/pages\/770","targetHints":{"allow":["GET"]}}],"collection":[{"href":"https:\/\/www.jcmaquinay.com\/es\/wp-json\/wp\/v2\/pages"}],"about":[{"href":"https:\/\/www.jcmaquinay.com\/es\/wp-json\/wp\/v2\/types\/page"}],"author":[{"embeddable":true,"href":"https:\/\/www.jcmaquinay.com\/es\/wp-json\/wp\/v2\/users\/1"}],"replies":[{"embeddable":true,"href":"https:\/\/www.jcmaquinay.com\/es\/wp-json\/wp\/v2\/comments?post=770"}],"version-history":[{"count":3,"href":"https:\/\/www.jcmaquinay.com\/es\/wp-json\/wp\/v2\/pages\/770\/revisions"}],"predecessor-version":[{"id":1758,"href":"https:\/\/www.jcmaquinay.com\/es\/wp-json\/wp\/v2\/pages\/770\/revisions\/1758"}],"wp:featuredmedia":[{"embeddable":true,"href":"https:\/\/www.jcmaquinay.com\/es\/wp-json\/wp\/v2\/media\/771"}],"wp:attachment":[{"href":"https:\/\/www.jcmaquinay.com\/es\/wp-json\/wp\/v2\/media?parent=770"}],"curies":[{"name":"wp","href":"https:\/\/api.w.org\/{rel}","templated":true}]}}