{"id":765,"date":"2018-02-07T11:48:48","date_gmt":"2018-02-07T10:48:48","guid":{"rendered":"https:\/\/www.jcmaquinay.com\/about-us\/"},"modified":"2018-05-18T12:34:53","modified_gmt":"2018-05-18T10:34:53","slug":"sobre-nosotros","status":"publish","type":"page","link":"https:\/\/www.jcmaquinay.com\/es\/sobre-nosotros\/","title":{"rendered":"Sobre nosotros"},"content":{"rendered":"<p>Desde siempre fascinados por las m\u00e1quinas, esta <strong>pasi\u00f3n\u00a0<\/strong>es adem\u00e1s el trabajo de la familia Maquinay.<\/p>\n<p><strong>Jean-Claude Maquinay\u00a0<\/strong>est\u00e1 presente en el mercado de las m\u00e1quinas de ocasi\u00f3n desde 1968.<\/p>\n<p>En el a\u00f1o 2007, se uni\u00f3 a \u00e9l su hijo <strong>Pierre<\/strong>. Su presencia en la empresa ha permitido actualizar y desarrollar los negocios agregando la parte inform\u00e1tica del oficio, que en el momento actual se ha vuelto absolutamente necesaria.<\/p>\n<p>Nuestra <strong>experiencia\u00a0<\/strong>de casi <strong>50 a\u00f1os\u00a0<\/strong>es nuestro s\u00edmbolo de confianza. Vendemos en el mundo entero, constantemente sin visita previa de control del material. Nuestros clientes compran desde el otro lado del planeta con plena confianza.<\/p>\n<p>La <strong>reputaci\u00f3n\u00a0<\/strong>que tenemos a trav\u00e9s del mundo entero ha sido creada por nuestra <strong>experiencia <\/strong>y es \u00e9sta la que nos permite ofrecerle una <strong>selecci\u00f3n de m\u00e1quinas de calidad.<\/strong><\/p>\n<p>\u00a1Cualquiera que sea su demanda, no dude en contactarnos!<\/p>\n","protected":false},"excerpt":{"rendered":"<p>Desde siempre fascinados por las m\u00e1quinas, esta pasi\u00f3n\u00a0es adem\u00e1s el trabajo de la familia Maquinay. Jean-Claude Maquinay\u00a0est\u00e1 presente en el mercado de las m\u00e1quinas de ocasi\u00f3n desde 1968. En el a\u00f1o 2007, se uni\u00f3 a \u00e9l su hijo Pierre. Su presencia en la empresa ha permitido actualizar y desarrollar los negocios agregando la parte inform\u00e1tica &hellip; <\/p>\n<p class=\"link-more\"><a href=\"https:\/\/www.jcmaquinay.com\/es\/sobre-nosotros\/\" class=\"more-link\">Continue reading<span class=\"screen-reader-text\"> \u00abSobre nosotros\u00bb<\/span><\/a><\/p>\n","protected":false},"author":1,"featured_media":1609,"parent":0,"menu_order":2,"comment_status":"closed","ping_status":"closed","template":"","meta":{"footnotes":""},"class_list":["post-765","page","type-page","status-publish","has-post-thumbnail","hentry","entry"],"yoast_head":"<!-- This site is optimized with the Yoast SEO plugin v27.1.1 - https:\/\/yoast.com\/product\/yoast-seo-wordpress\/ -->\n<title>Sobre nosotros &#8211; JC Maquinay<\/title>\n<meta name=\"robots\" content=\"index, follow, max-snippet:-1, max-image-preview:large, max-video-preview:-1\" \/>\n<link rel=\"canonical\" href=\"https:\/\/www.jcmaquinay.com\/es\/sobre-nosotros\/\" \/>\n<meta property=\"og:locale\" content=\"es_ES\" \/>\n<meta property=\"og:type\" content=\"article\" \/>\n<meta property=\"og:title\" content=\"Sobre nosotros &#8211; JC Maquinay\" \/>\n<meta property=\"og:description\" content=\"Desde siempre fascinados por las m\u00e1quinas, esta pasi\u00f3n\u00a0es adem\u00e1s el trabajo de la familia Maquinay. Jean-Claude Maquinay\u00a0est\u00e1 presente en el mercado de las m\u00e1quinas de ocasi\u00f3n desde 1968. En el a\u00f1o 2007, se uni\u00f3 a \u00e9l su hijo Pierre. Su presencia en la empresa ha permitido actualizar y desarrollar los negocios agregando la parte inform\u00e1tica &hellip; Continue reading &quot;Sobre nosotros&quot;\" \/>\n<meta property=\"og:url\" content=\"https:\/\/www.jcmaquinay.com\/es\/sobre-nosotros\/\" \/>\n<meta property=\"og:site_name\" content=\"JC Maquinay\" \/>\n<meta property=\"article:modified_time\" content=\"2018-05-18T10:34:53+00:00\" \/>\n<meta property=\"og:image\" content=\"https:\/\/www.jcmaquinay.com\/wp-content\/uploads\/2018\/03\/header.jpg\" \/>\n\t<meta property=\"og:image:width\" content=\"1800\" \/>\n\t<meta property=\"og:image:height\" content=\"422\" \/>\n\t<meta property=\"og:image:type\" content=\"image\/jpeg\" \/>\n<meta name=\"twitter:card\" content=\"summary_large_image\" \/>\n<meta name=\"twitter:label1\" content=\"Tiempo de lectura\" \/>\n\t<meta name=\"twitter:data1\" content=\"1 minuto\" \/>\n<script type=\"application\/ld+json\" class=\"yoast-schema-graph\">{\"@context\":\"https:\/\/schema.org\",\"@graph\":[{\"@type\":\"WebPage\",\"@id\":\"https:\/\/www.jcmaquinay.com\/es\/sobre-nosotros\/\",\"url\":\"https:\/\/www.jcmaquinay.com\/es\/sobre-nosotros\/\",\"name\":\"Sobre nosotros &#8211; JC Maquinay\",\"isPartOf\":{\"@id\":\"https:\/\/www.jcmaquinay.com\/es\/#website\"},\"primaryImageOfPage\":{\"@id\":\"https:\/\/www.jcmaquinay.com\/es\/sobre-nosotros\/#primaryimage\"},\"image\":{\"@id\":\"https:\/\/www.jcmaquinay.com\/es\/sobre-nosotros\/#primaryimage\"},\"thumbnailUrl\":\"https:\/\/www.jcmaquinay.com\/wp-content\/uploads\/2018\/03\/header.jpg\",\"datePublished\":\"2018-02-07T10:48:48+00:00\",\"dateModified\":\"2018-05-18T10:34:53+00:00\",\"breadcrumb\":{\"@id\":\"https:\/\/www.jcmaquinay.com\/es\/sobre-nosotros\/#breadcrumb\"},\"inLanguage\":\"es\",\"potentialAction\":[{\"@type\":\"ReadAction\",\"target\":[\"https:\/\/www.jcmaquinay.com\/es\/sobre-nosotros\/\"]}]},{\"@type\":\"ImageObject\",\"inLanguage\":\"es\",\"@id\":\"https:\/\/www.jcmaquinay.com\/es\/sobre-nosotros\/#primaryimage\",\"url\":\"https:\/\/www.jcmaquinay.com\/wp-content\/uploads\/2018\/03\/header.jpg\",\"contentUrl\":\"https:\/\/www.jcmaquinay.com\/wp-content\/uploads\/2018\/03\/header.jpg\",\"width\":1800,\"height\":422},{\"@type\":\"BreadcrumbList\",\"@id\":\"https:\/\/www.jcmaquinay.com\/es\/sobre-nosotros\/#breadcrumb\",\"itemListElement\":[{\"@type\":\"ListItem\",\"position\":1,\"name\":\"Accueil\",\"item\":\"https:\/\/www.jcmaquinay.com\/es\/\"},{\"@type\":\"ListItem\",\"position\":2,\"name\":\"Sobre nosotros\"}]},{\"@type\":\"WebSite\",\"@id\":\"https:\/\/www.jcmaquinay.com\/es\/#website\",\"url\":\"https:\/\/www.jcmaquinay.com\/es\/\",\"name\":\"JC Maquinay\",\"description\":\"Heavy Construction Equipment since 1968\",\"publisher\":{\"@id\":\"https:\/\/www.jcmaquinay.com\/es\/#organization\"},\"potentialAction\":[{\"@type\":\"SearchAction\",\"target\":{\"@type\":\"EntryPoint\",\"urlTemplate\":\"https:\/\/www.jcmaquinay.com\/es\/?s={search_term_string}\"},\"query-input\":{\"@type\":\"PropertyValueSpecification\",\"valueRequired\":true,\"valueName\":\"search_term_string\"}}],\"inLanguage\":\"es\"},{\"@type\":\"Organization\",\"@id\":\"https:\/\/www.jcmaquinay.com\/es\/#organization\",\"name\":\"JC Maquinay\",\"url\":\"https:\/\/www.jcmaquinay.com\/es\/\",\"logo\":{\"@type\":\"ImageObject\",\"inLanguage\":\"es\",\"@id\":\"https:\/\/www.jcmaquinay.com\/es\/#\/schema\/logo\/image\/\",\"url\":\"https:\/\/www.jcmaquinay.com\/wp-content\/uploads\/2017\/07\/cropped-essai-05b-ok-copy-2.jpg\",\"contentUrl\":\"https:\/\/www.jcmaquinay.com\/wp-content\/uploads\/2017\/07\/cropped-essai-05b-ok-copy-2.jpg\",\"width\":498,\"height\":110,\"caption\":\"JC Maquinay\"},\"image\":{\"@id\":\"https:\/\/www.jcmaquinay.com\/es\/#\/schema\/logo\/image\/\"}}]}<\/script>\n<!-- \/ Yoast SEO plugin. -->","yoast_head_json":{"title":"Sobre nosotros &#8211; JC Maquinay","robots":{"index":"index","follow":"follow","max-snippet":"max-snippet:-1","max-image-preview":"max-image-preview:large","max-video-preview":"max-video-preview:-1"},"canonical":"https:\/\/www.jcmaquinay.com\/es\/sobre-nosotros\/","og_locale":"es_ES","og_type":"article","og_title":"Sobre nosotros &#8211; JC Maquinay","og_description":"Desde siempre fascinados por las m\u00e1quinas, esta pasi\u00f3n\u00a0es adem\u00e1s el trabajo de la familia Maquinay. Jean-Claude Maquinay\u00a0est\u00e1 presente en el mercado de las m\u00e1quinas de ocasi\u00f3n desde 1968. En el a\u00f1o 2007, se uni\u00f3 a \u00e9l su hijo Pierre. Su presencia en la empresa ha permitido actualizar y desarrollar los negocios agregando la parte inform\u00e1tica &hellip; Continue reading \"Sobre nosotros\"","og_url":"https:\/\/www.jcmaquinay.com\/es\/sobre-nosotros\/","og_site_name":"JC Maquinay","article_modified_time":"2018-05-18T10:34:53+00:00","og_image":[{"width":1800,"height":422,"url":"https:\/\/www.jcmaquinay.com\/wp-content\/uploads\/2018\/03\/header.jpg","type":"image\/jpeg"}],"twitter_card":"summary_large_image","twitter_misc":{"Tiempo de lectura":"1 minuto"},"schema":{"@context":"https:\/\/schema.org","@graph":[{"@type":"WebPage","@id":"https:\/\/www.jcmaquinay.com\/es\/sobre-nosotros\/","url":"https:\/\/www.jcmaquinay.com\/es\/sobre-nosotros\/","name":"Sobre nosotros &#8211; JC Maquinay","isPartOf":{"@id":"https:\/\/www.jcmaquinay.com\/es\/#website"},"primaryImageOfPage":{"@id":"https:\/\/www.jcmaquinay.com\/es\/sobre-nosotros\/#primaryimage"},"image":{"@id":"https:\/\/www.jcmaquinay.com\/es\/sobre-nosotros\/#primaryimage"},"thumbnailUrl":"https:\/\/www.jcmaquinay.com\/wp-content\/uploads\/2018\/03\/header.jpg","datePublished":"2018-02-07T10:48:48+00:00","dateModified":"2018-05-18T10:34:53+00:00","breadcrumb":{"@id":"https:\/\/www.jcmaquinay.com\/es\/sobre-nosotros\/#breadcrumb"},"inLanguage":"es","potentialAction":[{"@type":"ReadAction","target":["https:\/\/www.jcmaquinay.com\/es\/sobre-nosotros\/"]}]},{"@type":"ImageObject","inLanguage":"es","@id":"https:\/\/www.jcmaquinay.com\/es\/sobre-nosotros\/#primaryimage","url":"https:\/\/www.jcmaquinay.com\/wp-content\/uploads\/2018\/03\/header.jpg","contentUrl":"https:\/\/www.jcmaquinay.com\/wp-content\/uploads\/2018\/03\/header.jpg","width":1800,"height":422},{"@type":"BreadcrumbList","@id":"https:\/\/www.jcmaquinay.com\/es\/sobre-nosotros\/#breadcrumb","itemListElement":[{"@type":"ListItem","position":1,"name":"Accueil","item":"https:\/\/www.jcmaquinay.com\/es\/"},{"@type":"ListItem","position":2,"name":"Sobre nosotros"}]},{"@type":"WebSite","@id":"https:\/\/www.jcmaquinay.com\/es\/#website","url":"https:\/\/www.jcmaquinay.com\/es\/","name":"JC Maquinay","description":"Heavy Construction Equipment since 1968","publisher":{"@id":"https:\/\/www.jcmaquinay.com\/es\/#organization"},"potentialAction":[{"@type":"SearchAction","target":{"@type":"EntryPoint","urlTemplate":"https:\/\/www.jcmaquinay.com\/es\/?s={search_term_string}"},"query-input":{"@type":"PropertyValueSpecification","valueRequired":true,"valueName":"search_term_string"}}],"inLanguage":"es"},{"@type":"Organization","@id":"https:\/\/www.jcmaquinay.com\/es\/#organization","name":"JC Maquinay","url":"https:\/\/www.jcmaquinay.com\/es\/","logo":{"@type":"ImageObject","inLanguage":"es","@id":"https:\/\/www.jcmaquinay.com\/es\/#\/schema\/logo\/image\/","url":"https:\/\/www.jcmaquinay.com\/wp-content\/uploads\/2017\/07\/cropped-essai-05b-ok-copy-2.jpg","contentUrl":"https:\/\/www.jcmaquinay.com\/wp-content\/uploads\/2017\/07\/cropped-essai-05b-ok-copy-2.jpg","width":498,"height":110,"caption":"JC Maquinay"},"image":{"@id":"https:\/\/www.jcmaquinay.com\/es\/#\/schema\/logo\/image\/"}}]}},"_links":{"self":[{"href":"https:\/\/www.jcmaquinay.com\/es\/wp-json\/wp\/v2\/pages\/765","targetHints":{"allow":["GET"]}}],"collection":[{"href":"https:\/\/www.jcmaquinay.com\/es\/wp-json\/wp\/v2\/pages"}],"about":[{"href":"https:\/\/www.jcmaquinay.com\/es\/wp-json\/wp\/v2\/types\/page"}],"author":[{"embeddable":true,"href":"https:\/\/www.jcmaquinay.com\/es\/wp-json\/wp\/v2\/users\/1"}],"replies":[{"embeddable":true,"href":"https:\/\/www.jcmaquinay.com\/es\/wp-json\/wp\/v2\/comments?post=765"}],"version-history":[{"count":4,"href":"https:\/\/www.jcmaquinay.com\/es\/wp-json\/wp\/v2\/pages\/765\/revisions"}],"predecessor-version":[{"id":1749,"href":"https:\/\/www.jcmaquinay.com\/es\/wp-json\/wp\/v2\/pages\/765\/revisions\/1749"}],"wp:featuredmedia":[{"embeddable":true,"href":"https:\/\/www.jcmaquinay.com\/es\/wp-json\/wp\/v2\/media\/1609"}],"wp:attachment":[{"href":"https:\/\/www.jcmaquinay.com\/es\/wp-json\/wp\/v2\/media?parent=765"}],"curies":[{"name":"wp","href":"https:\/\/api.w.org\/{rel}","templated":true}]}}