{"id":763,"date":"2017-10-03T11:35:12","date_gmt":"2017-10-03T09:35:12","guid":{"rendered":"https:\/\/www.jcmaquinay.com\/welcome-to-jcmaquinay-com\/"},"modified":"2018-05-18T12:36:49","modified_gmt":"2018-05-18T10:36:49","slug":"welcome-to-jcmaquinay-com","status":"publish","type":"page","link":"https:\/\/www.jcmaquinay.com\/es\/","title":{"rendered":"Bienvenido a JCMaquinay.com"},"content":{"rendered":"<p>La empresa <strong>JC MAQUINAY\u00a0<\/strong>opera en el sector del comercio de material de ingenier\u00eda civil de segunda mano desde el a\u00f1o 1968.<\/p>\n<p>Compramos y vendemos toda clase de <strong>m\u00e1quinas de construcci\u00f3n<\/strong>, <strong>equipos de excavaci\u00f3n<\/strong>, <strong>maquinaria para v\u00edas<\/strong>, <strong>dispositivos de mantenimiento\u00a0<\/strong>y <strong>material<\/strong><strong>de canteras.<\/strong><\/p>\n<p>Si busca material o tiene material para vender, p\u00f3ngase en contacto con nosotros. Adem\u00e1s, podemos proporcionarle las mejores soluciones para <strong>el transporte\u00a0<\/strong>y la <strong>expedici\u00f3n\u00a0<\/strong>de su material por v\u00eda mar\u00edtima hacia su destino.<\/p>\n<p>Le presentamos a continuaci\u00f3n las m\u00e1quinas que podemos proponerle actualmente, clasificadas por categor\u00edas. Para tener un panorama global de nuestro inventario, haga clic en \u00abVer todo\u00bb.<\/p>\n","protected":false},"excerpt":{"rendered":"<p>La empresa JC MAQUINAY\u00a0opera en el sector del comercio de material de ingenier\u00eda civil de segunda mano desde el a\u00f1o 1968. Compramos y vendemos toda clase de m\u00e1quinas de construcci\u00f3n, equipos de excavaci\u00f3n, maquinaria para v\u00edas, dispositivos de mantenimiento\u00a0y materialde canteras. Si busca material o tiene material para vender, p\u00f3ngase en contacto con nosotros. Adem\u00e1s, &hellip; <\/p>\n<p class=\"link-more\"><a href=\"https:\/\/www.jcmaquinay.com\/es\/\" class=\"more-link\">Continue reading<span class=\"screen-reader-text\"> \u00abBienvenido a JCMaquinay.com\u00bb<\/span><\/a><\/p>\n","protected":false},"author":1,"featured_media":0,"parent":0,"menu_order":1,"comment_status":"closed","ping_status":"closed","template":"","meta":{"footnotes":""},"class_list":["post-763","page","type-page","status-publish","hentry","entry"],"yoast_head":"<!-- This site is optimized with the Yoast SEO plugin v27.1.1 - https:\/\/yoast.com\/product\/yoast-seo-wordpress\/ -->\n<title>Bienvenido a JCMaquinay.com &#8211; JC Maquinay<\/title>\n<meta name=\"description\" content=\"J.C. MAQUINAY is buying your used construction equipment, lifting equipment and quarry equipment \u00a0for exportation.\" \/>\n<meta name=\"robots\" content=\"index, follow, max-snippet:-1, max-image-preview:large, max-video-preview:-1\" \/>\n<link rel=\"canonical\" href=\"https:\/\/www.jcmaquinay.com\/es\/\" \/>\n<meta property=\"og:locale\" content=\"es_ES\" \/>\n<meta property=\"og:type\" content=\"article\" \/>\n<meta property=\"og:title\" content=\"Bienvenido a JCMaquinay.com &#8211; JC Maquinay\" \/>\n<meta property=\"og:description\" content=\"J.C. MAQUINAY is buying your used construction equipment, lifting equipment and quarry equipment \u00a0for exportation.\" \/>\n<meta property=\"og:url\" content=\"https:\/\/www.jcmaquinay.com\/es\/\" \/>\n<meta property=\"og:site_name\" content=\"JC Maquinay\" \/>\n<meta property=\"article:modified_time\" content=\"2018-05-18T10:36:49+00:00\" \/>\n<meta name=\"twitter:card\" content=\"summary_large_image\" \/>\n<meta name=\"twitter:label1\" content=\"Tiempo de lectura\" \/>\n\t<meta name=\"twitter:data1\" content=\"1 minuto\" \/>\n<script type=\"application\/ld+json\" class=\"yoast-schema-graph\">{\"@context\":\"https:\/\/schema.org\",\"@graph\":[{\"@type\":\"WebPage\",\"@id\":\"https:\/\/www.jcmaquinay.com\/es\/\",\"url\":\"https:\/\/www.jcmaquinay.com\/es\/\",\"name\":\"Bienvenido a JCMaquinay.com &#8211; JC Maquinay\",\"isPartOf\":{\"@id\":\"https:\/\/www.jcmaquinay.com\/es\/#website\"},\"datePublished\":\"2017-10-03T09:35:12+00:00\",\"dateModified\":\"2018-05-18T10:36:49+00:00\",\"description\":\"J.C. MAQUINAY is buying your used construction equipment, lifting equipment and quarry equipment \u00a0for exportation.\",\"breadcrumb\":{\"@id\":\"https:\/\/www.jcmaquinay.com\/es\/#breadcrumb\"},\"inLanguage\":\"es\",\"potentialAction\":[{\"@type\":\"ReadAction\",\"target\":[\"https:\/\/www.jcmaquinay.com\/es\/\"]}]},{\"@type\":\"BreadcrumbList\",\"@id\":\"https:\/\/www.jcmaquinay.com\/es\/#breadcrumb\",\"itemListElement\":[{\"@type\":\"ListItem\",\"position\":1,\"name\":\"Accueil\",\"item\":\"https:\/\/www.jcmaquinay.com\/es\/\"},{\"@type\":\"ListItem\",\"position\":2,\"name\":\"Bienvenido a JCMaquinay.com\"}]},{\"@type\":\"WebSite\",\"@id\":\"https:\/\/www.jcmaquinay.com\/es\/#website\",\"url\":\"https:\/\/www.jcmaquinay.com\/es\/\",\"name\":\"JC Maquinay\",\"description\":\"Heavy Construction Equipment since 1968\",\"publisher\":{\"@id\":\"https:\/\/www.jcmaquinay.com\/es\/#organization\"},\"potentialAction\":[{\"@type\":\"SearchAction\",\"target\":{\"@type\":\"EntryPoint\",\"urlTemplate\":\"https:\/\/www.jcmaquinay.com\/es\/?s={search_term_string}\"},\"query-input\":{\"@type\":\"PropertyValueSpecification\",\"valueRequired\":true,\"valueName\":\"search_term_string\"}}],\"inLanguage\":\"es\"},{\"@type\":\"Organization\",\"@id\":\"https:\/\/www.jcmaquinay.com\/es\/#organization\",\"name\":\"JC Maquinay\",\"url\":\"https:\/\/www.jcmaquinay.com\/es\/\",\"logo\":{\"@type\":\"ImageObject\",\"inLanguage\":\"es\",\"@id\":\"https:\/\/www.jcmaquinay.com\/es\/#\/schema\/logo\/image\/\",\"url\":\"https:\/\/www.jcmaquinay.com\/wp-content\/uploads\/2017\/07\/cropped-essai-05b-ok-copy-2.jpg\",\"contentUrl\":\"https:\/\/www.jcmaquinay.com\/wp-content\/uploads\/2017\/07\/cropped-essai-05b-ok-copy-2.jpg\",\"width\":498,\"height\":110,\"caption\":\"JC Maquinay\"},\"image\":{\"@id\":\"https:\/\/www.jcmaquinay.com\/es\/#\/schema\/logo\/image\/\"}}]}<\/script>\n<!-- \/ Yoast SEO plugin. -->","yoast_head_json":{"title":"Bienvenido a JCMaquinay.com &#8211; JC Maquinay","description":"J.C. MAQUINAY is buying your used construction equipment, lifting equipment and quarry equipment \u00a0for exportation.","robots":{"index":"index","follow":"follow","max-snippet":"max-snippet:-1","max-image-preview":"max-image-preview:large","max-video-preview":"max-video-preview:-1"},"canonical":"https:\/\/www.jcmaquinay.com\/es\/","og_locale":"es_ES","og_type":"article","og_title":"Bienvenido a JCMaquinay.com &#8211; JC Maquinay","og_description":"J.C. MAQUINAY is buying your used construction equipment, lifting equipment and quarry equipment \u00a0for exportation.","og_url":"https:\/\/www.jcmaquinay.com\/es\/","og_site_name":"JC Maquinay","article_modified_time":"2018-05-18T10:36:49+00:00","twitter_card":"summary_large_image","twitter_misc":{"Tiempo de lectura":"1 minuto"},"schema":{"@context":"https:\/\/schema.org","@graph":[{"@type":"WebPage","@id":"https:\/\/www.jcmaquinay.com\/es\/","url":"https:\/\/www.jcmaquinay.com\/es\/","name":"Bienvenido a JCMaquinay.com &#8211; JC Maquinay","isPartOf":{"@id":"https:\/\/www.jcmaquinay.com\/es\/#website"},"datePublished":"2017-10-03T09:35:12+00:00","dateModified":"2018-05-18T10:36:49+00:00","description":"J.C. MAQUINAY is buying your used construction equipment, lifting equipment and quarry equipment \u00a0for exportation.","breadcrumb":{"@id":"https:\/\/www.jcmaquinay.com\/es\/#breadcrumb"},"inLanguage":"es","potentialAction":[{"@type":"ReadAction","target":["https:\/\/www.jcmaquinay.com\/es\/"]}]},{"@type":"BreadcrumbList","@id":"https:\/\/www.jcmaquinay.com\/es\/#breadcrumb","itemListElement":[{"@type":"ListItem","position":1,"name":"Accueil","item":"https:\/\/www.jcmaquinay.com\/es\/"},{"@type":"ListItem","position":2,"name":"Bienvenido a JCMaquinay.com"}]},{"@type":"WebSite","@id":"https:\/\/www.jcmaquinay.com\/es\/#website","url":"https:\/\/www.jcmaquinay.com\/es\/","name":"JC Maquinay","description":"Heavy Construction Equipment since 1968","publisher":{"@id":"https:\/\/www.jcmaquinay.com\/es\/#organization"},"potentialAction":[{"@type":"SearchAction","target":{"@type":"EntryPoint","urlTemplate":"https:\/\/www.jcmaquinay.com\/es\/?s={search_term_string}"},"query-input":{"@type":"PropertyValueSpecification","valueRequired":true,"valueName":"search_term_string"}}],"inLanguage":"es"},{"@type":"Organization","@id":"https:\/\/www.jcmaquinay.com\/es\/#organization","name":"JC Maquinay","url":"https:\/\/www.jcmaquinay.com\/es\/","logo":{"@type":"ImageObject","inLanguage":"es","@id":"https:\/\/www.jcmaquinay.com\/es\/#\/schema\/logo\/image\/","url":"https:\/\/www.jcmaquinay.com\/wp-content\/uploads\/2017\/07\/cropped-essai-05b-ok-copy-2.jpg","contentUrl":"https:\/\/www.jcmaquinay.com\/wp-content\/uploads\/2017\/07\/cropped-essai-05b-ok-copy-2.jpg","width":498,"height":110,"caption":"JC Maquinay"},"image":{"@id":"https:\/\/www.jcmaquinay.com\/es\/#\/schema\/logo\/image\/"}}]}},"_links":{"self":[{"href":"https:\/\/www.jcmaquinay.com\/es\/wp-json\/wp\/v2\/pages\/763","targetHints":{"allow":["GET"]}}],"collection":[{"href":"https:\/\/www.jcmaquinay.com\/es\/wp-json\/wp\/v2\/pages"}],"about":[{"href":"https:\/\/www.jcmaquinay.com\/es\/wp-json\/wp\/v2\/types\/page"}],"author":[{"embeddable":true,"href":"https:\/\/www.jcmaquinay.com\/es\/wp-json\/wp\/v2\/users\/1"}],"replies":[{"embeddable":true,"href":"https:\/\/www.jcmaquinay.com\/es\/wp-json\/wp\/v2\/comments?post=763"}],"version-history":[{"count":3,"href":"https:\/\/www.jcmaquinay.com\/es\/wp-json\/wp\/v2\/pages\/763\/revisions"}],"predecessor-version":[{"id":1751,"href":"https:\/\/www.jcmaquinay.com\/es\/wp-json\/wp\/v2\/pages\/763\/revisions\/1751"}],"wp:attachment":[{"href":"https:\/\/www.jcmaquinay.com\/es\/wp-json\/wp\/v2\/media?parent=763"}],"curies":[{"name":"wp","href":"https:\/\/api.w.org\/{rel}","templated":true}]}}