{"id":764,"date":"2018-02-07T11:48:48","date_gmt":"2018-02-07T10:48:48","guid":{"rendered":"https:\/\/www.jcmaquinay.com\/about-us\/"},"modified":"2018-05-18T14:12:37","modified_gmt":"2018-05-18T12:12:37","slug":"ueber-uns","status":"publish","type":"page","link":"https:\/\/www.jcmaquinay.com\/de\/ueber-uns\/","title":{"rendered":"\u00dcber uns"},"content":{"rendered":"<p>Immer schon waren wir fasziniert von Maschinen. Diese Passion ist auch unser Gesch\u00e4ft.<\/p>\n<p>Jean-Claude Maquinay ist seit 1968 auf dem Gebrauchtmaschinenmarkt t\u00e4tig.<\/p>\n<p>2008 schloss sein Sohn Pierre sich dem Unternehmen an. Dadurch wurden die Gesch\u00e4ftsvorg\u00e4nge modernisiert und weiterentwickelt, insbesondere im IT-Bereich, der heutzutage unumg\u00e4nglich ist.<\/p>\n<p>Unsere \u00fcber 50 Jahre lange Erfahrung ist zu unserer vertrauten Hausmarke geworden. Wir verkaufen in der ganzen Welt. Oft kaufen unsere Kunden ohne vorherige Inspektion, von irgendeinem weit entfernten Ort. Vertrauen ist das A und O.<\/p>\n<p>Auf dieser Erfahrung ist unser guter Ruf in der ganzen Welt gest\u00fctzt. Dank ihr k\u00f6nnen wir Ihnen eine Auswahl an qualit\u00e4tsvollen Maschinen anbieten.<\/p>\n<p>Setzen Sie sich mit uns in Verbindung! Wir helfen bei jedem Wunsch!<\/p>\n","protected":false},"excerpt":{"rendered":"<p>Immer schon waren wir fasziniert von Maschinen. Diese Passion ist auch unser Gesch\u00e4ft. Jean-Claude Maquinay ist seit 1968 auf dem Gebrauchtmaschinenmarkt t\u00e4tig. 2008 schloss sein Sohn Pierre sich dem Unternehmen an. Dadurch wurden die Gesch\u00e4ftsvorg\u00e4nge modernisiert und weiterentwickelt, insbesondere im IT-Bereich, der heutzutage unumg\u00e4nglich ist. Unsere \u00fcber 50 Jahre lange Erfahrung ist zu unserer vertrauten &hellip; <\/p>\n<p class=\"link-more\"><a href=\"https:\/\/www.jcmaquinay.com\/de\/ueber-uns\/\" class=\"more-link\">Continue reading<span class=\"screen-reader-text\"> &#8222;\u00dcber uns&#8220;<\/span><\/a><\/p>\n","protected":false},"author":1,"featured_media":1608,"parent":0,"menu_order":2,"comment_status":"closed","ping_status":"closed","template":"","meta":{"footnotes":""},"class_list":["post-764","page","type-page","status-publish","has-post-thumbnail","hentry","entry"],"yoast_head":"<!-- This site is optimized with the Yoast SEO plugin v27.1.1 - https:\/\/yoast.com\/product\/yoast-seo-wordpress\/ -->\n<title>\u00dcber uns &#8211; JC Maquinay<\/title>\n<meta name=\"robots\" content=\"index, follow, max-snippet:-1, max-image-preview:large, max-video-preview:-1\" \/>\n<link rel=\"canonical\" href=\"https:\/\/www.jcmaquinay.com\/de\/ueber-uns\/\" \/>\n<meta property=\"og:locale\" content=\"de_DE\" \/>\n<meta property=\"og:type\" content=\"article\" \/>\n<meta property=\"og:title\" content=\"\u00dcber uns &#8211; JC Maquinay\" \/>\n<meta property=\"og:description\" content=\"Immer schon waren wir fasziniert von Maschinen. Diese Passion ist auch unser Gesch\u00e4ft. Jean-Claude Maquinay ist seit 1968 auf dem Gebrauchtmaschinenmarkt t\u00e4tig. 2008 schloss sein Sohn Pierre sich dem Unternehmen an. Dadurch wurden die Gesch\u00e4ftsvorg\u00e4nge modernisiert und weiterentwickelt, insbesondere im IT-Bereich, der heutzutage unumg\u00e4nglich ist. Unsere \u00fcber 50 Jahre lange Erfahrung ist zu unserer vertrauten &hellip; Continue reading &quot;\u00dcber uns&quot;\" \/>\n<meta property=\"og:url\" content=\"https:\/\/www.jcmaquinay.com\/de\/ueber-uns\/\" \/>\n<meta property=\"og:site_name\" content=\"JC Maquinay\" \/>\n<meta property=\"article:modified_time\" content=\"2018-05-18T12:12:37+00:00\" \/>\n<meta property=\"og:image\" content=\"https:\/\/www.jcmaquinay.com\/wp-content\/uploads\/2018\/03\/header.jpg\" \/>\n\t<meta property=\"og:image:width\" content=\"1800\" \/>\n\t<meta property=\"og:image:height\" content=\"422\" \/>\n\t<meta property=\"og:image:type\" content=\"image\/jpeg\" \/>\n<meta name=\"twitter:card\" content=\"summary_large_image\" \/>\n<meta name=\"twitter:label1\" content=\"Gesch\u00e4tzte Lesezeit\" \/>\n\t<meta name=\"twitter:data1\" content=\"1\u00a0Minute\" \/>\n<script type=\"application\/ld+json\" class=\"yoast-schema-graph\">{\"@context\":\"https:\/\/schema.org\",\"@graph\":[{\"@type\":\"WebPage\",\"@id\":\"https:\/\/www.jcmaquinay.com\/de\/ueber-uns\/\",\"url\":\"https:\/\/www.jcmaquinay.com\/de\/ueber-uns\/\",\"name\":\"\u00dcber uns &#8211; JC Maquinay\",\"isPartOf\":{\"@id\":\"https:\/\/www.jcmaquinay.com\/de\/#website\"},\"primaryImageOfPage\":{\"@id\":\"https:\/\/www.jcmaquinay.com\/de\/ueber-uns\/#primaryimage\"},\"image\":{\"@id\":\"https:\/\/www.jcmaquinay.com\/de\/ueber-uns\/#primaryimage\"},\"thumbnailUrl\":\"https:\/\/www.jcmaquinay.com\/wp-content\/uploads\/2018\/03\/header.jpg\",\"datePublished\":\"2018-02-07T10:48:48+00:00\",\"dateModified\":\"2018-05-18T12:12:37+00:00\",\"breadcrumb\":{\"@id\":\"https:\/\/www.jcmaquinay.com\/de\/ueber-uns\/#breadcrumb\"},\"inLanguage\":\"de\",\"potentialAction\":[{\"@type\":\"ReadAction\",\"target\":[\"https:\/\/www.jcmaquinay.com\/de\/ueber-uns\/\"]}]},{\"@type\":\"ImageObject\",\"inLanguage\":\"de\",\"@id\":\"https:\/\/www.jcmaquinay.com\/de\/ueber-uns\/#primaryimage\",\"url\":\"https:\/\/www.jcmaquinay.com\/wp-content\/uploads\/2018\/03\/header.jpg\",\"contentUrl\":\"https:\/\/www.jcmaquinay.com\/wp-content\/uploads\/2018\/03\/header.jpg\",\"width\":1800,\"height\":422},{\"@type\":\"BreadcrumbList\",\"@id\":\"https:\/\/www.jcmaquinay.com\/de\/ueber-uns\/#breadcrumb\",\"itemListElement\":[{\"@type\":\"ListItem\",\"position\":1,\"name\":\"Accueil\",\"item\":\"https:\/\/www.jcmaquinay.com\/de\/\"},{\"@type\":\"ListItem\",\"position\":2,\"name\":\"\u00dcber uns\"}]},{\"@type\":\"WebSite\",\"@id\":\"https:\/\/www.jcmaquinay.com\/de\/#website\",\"url\":\"https:\/\/www.jcmaquinay.com\/de\/\",\"name\":\"JC Maquinay\",\"description\":\"Heavy Construction Equipment since 1968\",\"publisher\":{\"@id\":\"https:\/\/www.jcmaquinay.com\/de\/#organization\"},\"potentialAction\":[{\"@type\":\"SearchAction\",\"target\":{\"@type\":\"EntryPoint\",\"urlTemplate\":\"https:\/\/www.jcmaquinay.com\/de\/?s={search_term_string}\"},\"query-input\":{\"@type\":\"PropertyValueSpecification\",\"valueRequired\":true,\"valueName\":\"search_term_string\"}}],\"inLanguage\":\"de\"},{\"@type\":\"Organization\",\"@id\":\"https:\/\/www.jcmaquinay.com\/de\/#organization\",\"name\":\"JC Maquinay\",\"url\":\"https:\/\/www.jcmaquinay.com\/de\/\",\"logo\":{\"@type\":\"ImageObject\",\"inLanguage\":\"de\",\"@id\":\"https:\/\/www.jcmaquinay.com\/de\/#\/schema\/logo\/image\/\",\"url\":\"https:\/\/www.jcmaquinay.com\/wp-content\/uploads\/2017\/07\/cropped-essai-05b-ok-copy-2.jpg\",\"contentUrl\":\"https:\/\/www.jcmaquinay.com\/wp-content\/uploads\/2017\/07\/cropped-essai-05b-ok-copy-2.jpg\",\"width\":498,\"height\":110,\"caption\":\"JC Maquinay\"},\"image\":{\"@id\":\"https:\/\/www.jcmaquinay.com\/de\/#\/schema\/logo\/image\/\"}}]}<\/script>\n<!-- \/ Yoast SEO plugin. -->","yoast_head_json":{"title":"\u00dcber uns &#8211; JC Maquinay","robots":{"index":"index","follow":"follow","max-snippet":"max-snippet:-1","max-image-preview":"max-image-preview:large","max-video-preview":"max-video-preview:-1"},"canonical":"https:\/\/www.jcmaquinay.com\/de\/ueber-uns\/","og_locale":"de_DE","og_type":"article","og_title":"\u00dcber uns &#8211; JC Maquinay","og_description":"Immer schon waren wir fasziniert von Maschinen. Diese Passion ist auch unser Gesch\u00e4ft. Jean-Claude Maquinay ist seit 1968 auf dem Gebrauchtmaschinenmarkt t\u00e4tig. 2008 schloss sein Sohn Pierre sich dem Unternehmen an. Dadurch wurden die Gesch\u00e4ftsvorg\u00e4nge modernisiert und weiterentwickelt, insbesondere im IT-Bereich, der heutzutage unumg\u00e4nglich ist. Unsere \u00fcber 50 Jahre lange Erfahrung ist zu unserer vertrauten &hellip; Continue reading \"\u00dcber uns\"","og_url":"https:\/\/www.jcmaquinay.com\/de\/ueber-uns\/","og_site_name":"JC Maquinay","article_modified_time":"2018-05-18T12:12:37+00:00","og_image":[{"width":1800,"height":422,"url":"https:\/\/www.jcmaquinay.com\/wp-content\/uploads\/2018\/03\/header.jpg","type":"image\/jpeg"}],"twitter_card":"summary_large_image","twitter_misc":{"Gesch\u00e4tzte Lesezeit":"1\u00a0Minute"},"schema":{"@context":"https:\/\/schema.org","@graph":[{"@type":"WebPage","@id":"https:\/\/www.jcmaquinay.com\/de\/ueber-uns\/","url":"https:\/\/www.jcmaquinay.com\/de\/ueber-uns\/","name":"\u00dcber uns &#8211; JC Maquinay","isPartOf":{"@id":"https:\/\/www.jcmaquinay.com\/de\/#website"},"primaryImageOfPage":{"@id":"https:\/\/www.jcmaquinay.com\/de\/ueber-uns\/#primaryimage"},"image":{"@id":"https:\/\/www.jcmaquinay.com\/de\/ueber-uns\/#primaryimage"},"thumbnailUrl":"https:\/\/www.jcmaquinay.com\/wp-content\/uploads\/2018\/03\/header.jpg","datePublished":"2018-02-07T10:48:48+00:00","dateModified":"2018-05-18T12:12:37+00:00","breadcrumb":{"@id":"https:\/\/www.jcmaquinay.com\/de\/ueber-uns\/#breadcrumb"},"inLanguage":"de","potentialAction":[{"@type":"ReadAction","target":["https:\/\/www.jcmaquinay.com\/de\/ueber-uns\/"]}]},{"@type":"ImageObject","inLanguage":"de","@id":"https:\/\/www.jcmaquinay.com\/de\/ueber-uns\/#primaryimage","url":"https:\/\/www.jcmaquinay.com\/wp-content\/uploads\/2018\/03\/header.jpg","contentUrl":"https:\/\/www.jcmaquinay.com\/wp-content\/uploads\/2018\/03\/header.jpg","width":1800,"height":422},{"@type":"BreadcrumbList","@id":"https:\/\/www.jcmaquinay.com\/de\/ueber-uns\/#breadcrumb","itemListElement":[{"@type":"ListItem","position":1,"name":"Accueil","item":"https:\/\/www.jcmaquinay.com\/de\/"},{"@type":"ListItem","position":2,"name":"\u00dcber uns"}]},{"@type":"WebSite","@id":"https:\/\/www.jcmaquinay.com\/de\/#website","url":"https:\/\/www.jcmaquinay.com\/de\/","name":"JC Maquinay","description":"Heavy Construction Equipment since 1968","publisher":{"@id":"https:\/\/www.jcmaquinay.com\/de\/#organization"},"potentialAction":[{"@type":"SearchAction","target":{"@type":"EntryPoint","urlTemplate":"https:\/\/www.jcmaquinay.com\/de\/?s={search_term_string}"},"query-input":{"@type":"PropertyValueSpecification","valueRequired":true,"valueName":"search_term_string"}}],"inLanguage":"de"},{"@type":"Organization","@id":"https:\/\/www.jcmaquinay.com\/de\/#organization","name":"JC Maquinay","url":"https:\/\/www.jcmaquinay.com\/de\/","logo":{"@type":"ImageObject","inLanguage":"de","@id":"https:\/\/www.jcmaquinay.com\/de\/#\/schema\/logo\/image\/","url":"https:\/\/www.jcmaquinay.com\/wp-content\/uploads\/2017\/07\/cropped-essai-05b-ok-copy-2.jpg","contentUrl":"https:\/\/www.jcmaquinay.com\/wp-content\/uploads\/2017\/07\/cropped-essai-05b-ok-copy-2.jpg","width":498,"height":110,"caption":"JC Maquinay"},"image":{"@id":"https:\/\/www.jcmaquinay.com\/de\/#\/schema\/logo\/image\/"}}]}},"_links":{"self":[{"href":"https:\/\/www.jcmaquinay.com\/de\/wp-json\/wp\/v2\/pages\/764","targetHints":{"allow":["GET"]}}],"collection":[{"href":"https:\/\/www.jcmaquinay.com\/de\/wp-json\/wp\/v2\/pages"}],"about":[{"href":"https:\/\/www.jcmaquinay.com\/de\/wp-json\/wp\/v2\/types\/page"}],"author":[{"embeddable":true,"href":"https:\/\/www.jcmaquinay.com\/de\/wp-json\/wp\/v2\/users\/1"}],"replies":[{"embeddable":true,"href":"https:\/\/www.jcmaquinay.com\/de\/wp-json\/wp\/v2\/comments?post=764"}],"version-history":[{"count":3,"href":"https:\/\/www.jcmaquinay.com\/de\/wp-json\/wp\/v2\/pages\/764\/revisions"}],"predecessor-version":[{"id":1756,"href":"https:\/\/www.jcmaquinay.com\/de\/wp-json\/wp\/v2\/pages\/764\/revisions\/1756"}],"wp:featuredmedia":[{"embeddable":true,"href":"https:\/\/www.jcmaquinay.com\/de\/wp-json\/wp\/v2\/media\/1608"}],"wp:attachment":[{"href":"https:\/\/www.jcmaquinay.com\/de\/wp-json\/wp\/v2\/media?parent=764"}],"curies":[{"name":"wp","href":"https:\/\/api.w.org\/{rel}","templated":true}]}}