{"id":762,"date":"2017-10-03T11:35:12","date_gmt":"2017-10-03T09:35:12","guid":{"rendered":"https:\/\/www.jcmaquinay.com\/welcome-to-jcmaquinay-com\/"},"modified":"2018-06-06T17:23:31","modified_gmt":"2018-06-06T15:23:31","slug":"welcome-to-jcmaquinay-com","status":"publish","type":"page","link":"https:\/\/www.jcmaquinay.com\/de\/","title":{"rendered":"Willkommen bei JCMaquinay.com"},"content":{"rendered":"<p>Das Unternehmen JC Maquinay ist seit 1968 im Handel von gebrauchten Maschinen f\u00fcr den Bau t\u00e4tig.<\/p>\n<p>Wir kaufen und verkaufen alle Baumaschinen, Erdbewegungsmaschinen, Stra\u00dfenbaumaschinen, F\u00f6rderger\u00e4te wie auch Muldenkipper.<\/p>\n<p>Setzen Sie sich bitte mit uns in Verbindung, wenn Sie ein bestimmtes Ger\u00e4t suchen oder zu verkaufen haben.<\/p>\n<p>F\u00fcr den Transport und den \u00dcberseetransport ihrer Maschinen zum gew\u00fcnschten Lieferort k\u00f6nnen wir Ihnen die besten L\u00f6sungen anbieten.<\/p>\n<p>Hiernach finden Sie eine \u00dcbersicht der Maschinen, die wir momentan im Angebot haben, jeweils in Kategorien unterverteilt. Klicken Sie bitte auf \u201calles sehen\u201c um unser gesamtes Angebot anzuzeigen.<\/p>\n","protected":false},"excerpt":{"rendered":"<p>Das Unternehmen JC Maquinay ist seit 1968 im Handel von gebrauchten Maschinen f\u00fcr den Bau t\u00e4tig. Wir kaufen und verkaufen alle Baumaschinen, Erdbewegungsmaschinen, Stra\u00dfenbaumaschinen, F\u00f6rderger\u00e4te wie auch Muldenkipper. Setzen Sie sich bitte mit uns in Verbindung, wenn Sie ein bestimmtes Ger\u00e4t suchen oder zu verkaufen haben. F\u00fcr den Transport und den \u00dcberseetransport ihrer Maschinen zum &hellip; <\/p>\n<p class=\"link-more\"><a href=\"https:\/\/www.jcmaquinay.com\/de\/\" class=\"more-link\">Continue reading<span class=\"screen-reader-text\"> &#8222;Willkommen bei JCMaquinay.com&#8220;<\/span><\/a><\/p>\n","protected":false},"author":1,"featured_media":0,"parent":0,"menu_order":1,"comment_status":"closed","ping_status":"closed","template":"","meta":{"footnotes":""},"class_list":["post-762","page","type-page","status-publish","hentry","entry"],"yoast_head":"<!-- This site is optimized with the Yoast SEO plugin v27.1.1 - https:\/\/yoast.com\/product\/yoast-seo-wordpress\/ -->\n<title>Willkommen bei JCMaquinay.com &#8211; JC Maquinay<\/title>\n<meta name=\"description\" content=\"J.C. MAQUINAY is buying your used construction equipment, lifting equipment and quarry equipment \u00a0for exportation.\" \/>\n<meta name=\"robots\" content=\"index, follow, max-snippet:-1, max-image-preview:large, max-video-preview:-1\" \/>\n<link rel=\"canonical\" href=\"https:\/\/www.jcmaquinay.com\/de\/\" \/>\n<meta property=\"og:locale\" content=\"de_DE\" \/>\n<meta property=\"og:type\" content=\"article\" \/>\n<meta property=\"og:title\" content=\"Willkommen bei JCMaquinay.com &#8211; JC Maquinay\" \/>\n<meta property=\"og:description\" content=\"J.C. MAQUINAY is buying your used construction equipment, lifting equipment and quarry equipment \u00a0for exportation.\" \/>\n<meta property=\"og:url\" content=\"https:\/\/www.jcmaquinay.com\/de\/\" \/>\n<meta property=\"og:site_name\" content=\"JC Maquinay\" \/>\n<meta property=\"article:modified_time\" content=\"2018-06-06T15:23:31+00:00\" \/>\n<meta name=\"twitter:card\" content=\"summary_large_image\" \/>\n<meta name=\"twitter:label1\" content=\"Gesch\u00e4tzte Lesezeit\" \/>\n\t<meta name=\"twitter:data1\" content=\"1\u00a0Minute\" \/>\n<script type=\"application\/ld+json\" class=\"yoast-schema-graph\">{\"@context\":\"https:\/\/schema.org\",\"@graph\":[{\"@type\":\"WebPage\",\"@id\":\"https:\/\/www.jcmaquinay.com\/de\/\",\"url\":\"https:\/\/www.jcmaquinay.com\/de\/\",\"name\":\"Willkommen bei JCMaquinay.com &#8211; JC Maquinay\",\"isPartOf\":{\"@id\":\"https:\/\/www.jcmaquinay.com\/de\/#website\"},\"datePublished\":\"2017-10-03T09:35:12+00:00\",\"dateModified\":\"2018-06-06T15:23:31+00:00\",\"description\":\"J.C. MAQUINAY is buying your used construction equipment, lifting equipment and quarry equipment \u00a0for exportation.\",\"breadcrumb\":{\"@id\":\"https:\/\/www.jcmaquinay.com\/de\/#breadcrumb\"},\"inLanguage\":\"de\",\"potentialAction\":[{\"@type\":\"ReadAction\",\"target\":[\"https:\/\/www.jcmaquinay.com\/de\/\"]}]},{\"@type\":\"BreadcrumbList\",\"@id\":\"https:\/\/www.jcmaquinay.com\/de\/#breadcrumb\",\"itemListElement\":[{\"@type\":\"ListItem\",\"position\":1,\"name\":\"Accueil\",\"item\":\"https:\/\/www.jcmaquinay.com\/de\/\"},{\"@type\":\"ListItem\",\"position\":2,\"name\":\"Willkommen bei JCMaquinay.com\"}]},{\"@type\":\"WebSite\",\"@id\":\"https:\/\/www.jcmaquinay.com\/de\/#website\",\"url\":\"https:\/\/www.jcmaquinay.com\/de\/\",\"name\":\"JC Maquinay\",\"description\":\"Heavy Construction Equipment since 1968\",\"publisher\":{\"@id\":\"https:\/\/www.jcmaquinay.com\/de\/#organization\"},\"potentialAction\":[{\"@type\":\"SearchAction\",\"target\":{\"@type\":\"EntryPoint\",\"urlTemplate\":\"https:\/\/www.jcmaquinay.com\/de\/?s={search_term_string}\"},\"query-input\":{\"@type\":\"PropertyValueSpecification\",\"valueRequired\":true,\"valueName\":\"search_term_string\"}}],\"inLanguage\":\"de\"},{\"@type\":\"Organization\",\"@id\":\"https:\/\/www.jcmaquinay.com\/de\/#organization\",\"name\":\"JC Maquinay\",\"url\":\"https:\/\/www.jcmaquinay.com\/de\/\",\"logo\":{\"@type\":\"ImageObject\",\"inLanguage\":\"de\",\"@id\":\"https:\/\/www.jcmaquinay.com\/de\/#\/schema\/logo\/image\/\",\"url\":\"https:\/\/www.jcmaquinay.com\/wp-content\/uploads\/2017\/07\/cropped-essai-05b-ok-copy-2.jpg\",\"contentUrl\":\"https:\/\/www.jcmaquinay.com\/wp-content\/uploads\/2017\/07\/cropped-essai-05b-ok-copy-2.jpg\",\"width\":498,\"height\":110,\"caption\":\"JC Maquinay\"},\"image\":{\"@id\":\"https:\/\/www.jcmaquinay.com\/de\/#\/schema\/logo\/image\/\"}}]}<\/script>\n<!-- \/ Yoast SEO plugin. -->","yoast_head_json":{"title":"Willkommen bei JCMaquinay.com &#8211; JC Maquinay","description":"J.C. MAQUINAY is buying your used construction equipment, lifting equipment and quarry equipment \u00a0for exportation.","robots":{"index":"index","follow":"follow","max-snippet":"max-snippet:-1","max-image-preview":"max-image-preview:large","max-video-preview":"max-video-preview:-1"},"canonical":"https:\/\/www.jcmaquinay.com\/de\/","og_locale":"de_DE","og_type":"article","og_title":"Willkommen bei JCMaquinay.com &#8211; JC Maquinay","og_description":"J.C. MAQUINAY is buying your used construction equipment, lifting equipment and quarry equipment \u00a0for exportation.","og_url":"https:\/\/www.jcmaquinay.com\/de\/","og_site_name":"JC Maquinay","article_modified_time":"2018-06-06T15:23:31+00:00","twitter_card":"summary_large_image","twitter_misc":{"Gesch\u00e4tzte Lesezeit":"1\u00a0Minute"},"schema":{"@context":"https:\/\/schema.org","@graph":[{"@type":"WebPage","@id":"https:\/\/www.jcmaquinay.com\/de\/","url":"https:\/\/www.jcmaquinay.com\/de\/","name":"Willkommen bei JCMaquinay.com &#8211; JC Maquinay","isPartOf":{"@id":"https:\/\/www.jcmaquinay.com\/de\/#website"},"datePublished":"2017-10-03T09:35:12+00:00","dateModified":"2018-06-06T15:23:31+00:00","description":"J.C. MAQUINAY is buying your used construction equipment, lifting equipment and quarry equipment \u00a0for exportation.","breadcrumb":{"@id":"https:\/\/www.jcmaquinay.com\/de\/#breadcrumb"},"inLanguage":"de","potentialAction":[{"@type":"ReadAction","target":["https:\/\/www.jcmaquinay.com\/de\/"]}]},{"@type":"BreadcrumbList","@id":"https:\/\/www.jcmaquinay.com\/de\/#breadcrumb","itemListElement":[{"@type":"ListItem","position":1,"name":"Accueil","item":"https:\/\/www.jcmaquinay.com\/de\/"},{"@type":"ListItem","position":2,"name":"Willkommen bei JCMaquinay.com"}]},{"@type":"WebSite","@id":"https:\/\/www.jcmaquinay.com\/de\/#website","url":"https:\/\/www.jcmaquinay.com\/de\/","name":"JC Maquinay","description":"Heavy Construction Equipment since 1968","publisher":{"@id":"https:\/\/www.jcmaquinay.com\/de\/#organization"},"potentialAction":[{"@type":"SearchAction","target":{"@type":"EntryPoint","urlTemplate":"https:\/\/www.jcmaquinay.com\/de\/?s={search_term_string}"},"query-input":{"@type":"PropertyValueSpecification","valueRequired":true,"valueName":"search_term_string"}}],"inLanguage":"de"},{"@type":"Organization","@id":"https:\/\/www.jcmaquinay.com\/de\/#organization","name":"JC Maquinay","url":"https:\/\/www.jcmaquinay.com\/de\/","logo":{"@type":"ImageObject","inLanguage":"de","@id":"https:\/\/www.jcmaquinay.com\/de\/#\/schema\/logo\/image\/","url":"https:\/\/www.jcmaquinay.com\/wp-content\/uploads\/2017\/07\/cropped-essai-05b-ok-copy-2.jpg","contentUrl":"https:\/\/www.jcmaquinay.com\/wp-content\/uploads\/2017\/07\/cropped-essai-05b-ok-copy-2.jpg","width":498,"height":110,"caption":"JC Maquinay"},"image":{"@id":"https:\/\/www.jcmaquinay.com\/de\/#\/schema\/logo\/image\/"}}]}},"_links":{"self":[{"href":"https:\/\/www.jcmaquinay.com\/de\/wp-json\/wp\/v2\/pages\/762","targetHints":{"allow":["GET"]}}],"collection":[{"href":"https:\/\/www.jcmaquinay.com\/de\/wp-json\/wp\/v2\/pages"}],"about":[{"href":"https:\/\/www.jcmaquinay.com\/de\/wp-json\/wp\/v2\/types\/page"}],"author":[{"embeddable":true,"href":"https:\/\/www.jcmaquinay.com\/de\/wp-json\/wp\/v2\/users\/1"}],"replies":[{"embeddable":true,"href":"https:\/\/www.jcmaquinay.com\/de\/wp-json\/wp\/v2\/comments?post=762"}],"version-history":[{"count":3,"href":"https:\/\/www.jcmaquinay.com\/de\/wp-json\/wp\/v2\/pages\/762\/revisions"}],"predecessor-version":[{"id":1779,"href":"https:\/\/www.jcmaquinay.com\/de\/wp-json\/wp\/v2\/pages\/762\/revisions\/1779"}],"wp:attachment":[{"href":"https:\/\/www.jcmaquinay.com\/de\/wp-json\/wp\/v2\/media?parent=762"}],"curies":[{"name":"wp","href":"https:\/\/api.w.org\/{rel}","templated":true}]}}